{"id":575,"date":"2023-12-18T22:23:01","date_gmt":"2023-12-18T19:23:01","guid":{"rendered":"https:\/\/erensurucukursu.com.tr\/?page_id=575"},"modified":"2023-12-18T22:33:34","modified_gmt":"2023-12-18T19:33:34","slug":"gerekli-evraklar","status":"publish","type":"page","link":"https:\/\/erensurucukursu.com.tr\/index.php\/gerekli-evraklar\/","title":{"rendered":"Gerekli Evraklar"},"content":{"rendered":"\n<div class=\"wp-block-group alignfull feature-boxes has-global-padding is-layout-constrained wp-container-core-group-is-layout-e4375c44 wp-block-group-is-layout-constrained\" style=\"margin-top:0px;padding-top:var(--wp--preset--spacing--xxx-large);padding-right:var(--wp--preset--spacing--medium);padding-bottom:var(--wp--preset--spacing--xxx-large);padding-left:var(--wp--preset--spacing--medium)\">\n<div class=\"wp-block-group is-layout-flow wp-container-core-group-is-layout-c7b3064f wp-block-group-is-layout-flow\">\n<p class=\"has-text-align-center has-primary-color has-text-color has-small-font-size\" style=\"font-style:normal;font-weight:500\">Resmi Evraklar<\/p>\n\n\n\n<h2 class=\"wp-block-heading has-text-align-center\">Ehliyet \u0130\u00e7in Gerekli Evraklar<\/h2>\n\n\n\n<p class=\"has-text-align-center\">Ba\u015fvuru i\u00e7in geldi\u011finizde bu evraklar\u0131 yan\u0131n\u0131zda getirmeniz gereklidir.<\/p>\n<\/div>\n\n\n\n<div class=\"wp-block-group alignwide is-vertical is-layout-flex wp-container-core-group-is-layout-c5442126 wp-block-group-is-layout-flex\">\n<div class=\"wp-block-columns alignwide is-layout-flex wp-container-core-columns-is-layout-9dcac5f8 wp-block-columns-is-layout-flex\" style=\"margin-top:0px;margin-bottom:0px\">\n<div class=\"wp-block-column is-style-column-box-shadow has-border-color is-layout-flow wp-container-core-column-is-layout-817d90dd wp-block-column-is-layout-flow\" style=\"border-color:#e3e3ea;border-width:1px;padding-top:var(--wp--preset--spacing--medium);padding-right:var(--wp--preset--spacing--medium);padding-bottom:var(--wp--preset--spacing--medium);padding-left:var(--wp--preset--spacing--medium)\">\n<div class=\"wp-block-group has-global-padding is-layout-constrained wp-container-core-group-is-layout-f5f3bcb8 wp-block-group-is-layout-constrained\">\n<p class=\"has-primary-color has-text-color has-medium-font-size\">\u2605<\/p>\n\n\n\n<h3 class=\"wp-block-heading has-base-font-size\">1 Adet Biyometrik Foto\u011fraf<\/h3>\n\n\n\n<p class=\"has-small-font-size\">Ki\u015fisel foto\u011fraflar\u0131n\u0131z\u0131n tamam\u0131n\u0131n biyometrik standartlarda \u00e7ekilmi\u015f ve bast\u0131r\u0131lm\u0131\u015f olmas\u0131 gerekmektedir.<\/p>\n<\/div>\n<\/div>\n\n\n\n<div class=\"wp-block-column is-style-column-box-shadow has-border-color is-layout-flow wp-container-core-column-is-layout-817d90dd wp-block-column-is-layout-flow\" style=\"border-color:#e3e3ea;border-width:1px;padding-top:var(--wp--preset--spacing--medium);padding-right:var(--wp--preset--spacing--medium);padding-bottom:var(--wp--preset--spacing--medium);padding-left:var(--wp--preset--spacing--medium)\">\n<div class=\"wp-block-group has-global-padding is-layout-constrained wp-container-core-group-is-layout-f5f3bcb8 wp-block-group-is-layout-constrained\">\n<p class=\"has-primary-color has-text-color has-medium-font-size\">\u2605<\/p>\n\n\n\n<h3 class=\"wp-block-heading has-base-font-size\">Diploma Fotokopisi veya \u00d6\u011frenci Belgesi<\/h3>\n\n\n\n<p class=\"has-small-font-size\">E\u011fer \u00f6\u011frenci de\u011filseniz en son mezun oldu\u011funuz e\u011fitim \u00f6\u011fretim program\u0131 diploman\u0131z\u0131n 1 adet fotokopisi, e\u011fer \u00f6\u011frenciyseniz de 1 adet \u00f6\u011frenci belgesi gerekmektedir.<\/p>\n<\/div>\n<\/div>\n\n\n\n<div class=\"wp-block-column is-style-column-box-shadow has-border-color is-layout-flow wp-container-core-column-is-layout-817d90dd wp-block-column-is-layout-flow\" style=\"border-color:#e3e3ea;border-width:1px;padding-top:var(--wp--preset--spacing--medium);padding-right:var(--wp--preset--spacing--medium);padding-bottom:var(--wp--preset--spacing--medium);padding-left:var(--wp--preset--spacing--medium)\">\n<div class=\"wp-block-group has-global-padding is-layout-constrained wp-container-core-group-is-layout-f5f3bcb8 wp-block-group-is-layout-constrained\">\n<p class=\"has-primary-color has-text-color has-medium-font-size\">\u2605<\/p>\n\n\n\n<h3 class=\"wp-block-heading has-base-font-size\">Sa\u011fl\u0131k Raporu<\/h3>\n\n\n\n<p class=\"has-small-font-size\">Doktor onayl\u0131 bir sa\u011fl\u0131k raporu gerekmektedir. Doktorunuza ehliyet i\u00e7in gerekti\u011fini iletirseniz size gerekli i\u015flemleri sa\u011flayacakt\u0131r.<\/p>\n<\/div>\n<\/div>\n<\/div>\n\n\n\n<div class=\"wp-block-columns alignwide is-layout-flex wp-container-core-columns-is-layout-9dcac5f8 wp-block-columns-is-layout-flex\" style=\"margin-top:0px;margin-bottom:0px\">\n<div class=\"wp-block-column is-style-column-box-shadow has-border-color is-layout-flow wp-container-core-column-is-layout-817d90dd wp-block-column-is-layout-flow\" style=\"border-color:#e3e3ea;border-width:1px;padding-top:var(--wp--preset--spacing--medium);padding-right:var(--wp--preset--spacing--medium);padding-bottom:var(--wp--preset--spacing--medium);padding-left:var(--wp--preset--spacing--medium)\">\n<div class=\"wp-block-group has-global-padding is-layout-constrained wp-container-core-group-is-layout-f5f3bcb8 wp-block-group-is-layout-constrained\">\n<p class=\"has-primary-color has-text-color has-medium-font-size\">\u2605<\/p>\n\n\n\n<h3 class=\"wp-block-heading has-base-font-size\">Sab\u0131ka Kayd\u0131<\/h3>\n\n\n\n<p class=\"has-small-font-size\">E-devlet \u00fczerinden fotokopisini \u00e7\u0131karabilece\u011finiz bir sab\u0131ka kayd\u0131n\u0131z gerekmektedir.<\/p>\n<\/div>\n<\/div>\n\n\n\n<div class=\"wp-block-column is-style-column-box-shadow has-border-color is-layout-flow wp-container-core-column-is-layout-817d90dd wp-block-column-is-layout-flow\" style=\"border-color:#e3e3ea;border-width:1px;padding-top:var(--wp--preset--spacing--medium);padding-right:var(--wp--preset--spacing--medium);padding-bottom:var(--wp--preset--spacing--medium);padding-left:var(--wp--preset--spacing--medium)\">\n<div class=\"wp-block-group has-global-padding is-layout-constrained wp-container-core-group-is-layout-f5f3bcb8 wp-block-group-is-layout-constrained\">\n<p class=\"has-primary-color has-text-color has-medium-font-size\">\u2605<\/p>\n\n\n\n<h3 class=\"wp-block-heading has-base-font-size\">N\u00fcfus C\u00fczdan\u0131 Fotokopisi<\/h3>\n\n\n\n<p class=\"has-small-font-size\">\u0130ster kendi n\u00fcfus c\u00fczdan\u0131n\u0131z\u0131 bir k\u0131rtasiyede taratarak ister E-devlet \u00fczerinden \u00e7\u0131karabilece\u011finiz n\u00fcfus c\u00fczdan\u0131n\u0131z\u0131n fotokopisi gerekmektedir.<\/p>\n<\/div>\n<\/div>\n<\/div>\n<\/div>\n<\/div>\n","protected":false},"excerpt":{"rendered":"<p>Resmi Evraklar Ehliyet \u0130\u00e7in Gerekli Evraklar Ba\u015fvuru i\u00e7in geldi\u011finizde bu evraklar\u0131 yan\u0131n\u0131zda getirmeniz gereklidir. \u2605 1 Adet Biyometrik Foto\u011fraf Ki\u015fisel foto\u011fraflar\u0131n\u0131z\u0131n tamam\u0131n\u0131n biyometrik standartlarda \u00e7ekilmi\u015f ve bast\u0131r\u0131lm\u0131\u015f olmas\u0131 gerekmektedir. \u2605 Diploma Fotokopisi veya \u00d6\u011frenci Belgesi E\u011fer \u00f6\u011frenci de\u011filseniz en son mezun oldu\u011funuz e\u011fitim \u00f6\u011fretim program\u0131 diploman\u0131z\u0131n 1 adet fotokopisi, e\u011fer \u00f6\u011frenciyseniz de 1 adet \u00f6\u011frenci [&hellip;]<\/p>\n","protected":false},"author":1,"featured_media":0,"parent":0,"menu_order":0,"comment_status":"closed","ping_status":"closed","template":"","meta":{"footnotes":""},"class_list":["post-575","page","type-page","status-publish","hentry"],"yoast_head":"<!-- This site is optimized with the Yoast SEO plugin v21.7 - https:\/\/yoast.com\/wordpress\/plugins\/seo\/ -->\n<title>Gerekli Evraklar - Eren S\u00fcr\u00fcc\u00fc Kursu<\/title>\n<meta name=\"robots\" content=\"index, follow, max-snippet:-1, max-image-preview:large, max-video-preview:-1\" \/>\n<link rel=\"canonical\" href=\"https:\/\/erensurucukursu.com.tr\/index.php\/gerekli-evraklar\/\" \/>\n<meta property=\"og:locale\" content=\"en_US\" \/>\n<meta property=\"og:type\" content=\"article\" \/>\n<meta property=\"og:title\" content=\"Gerekli Evraklar - Eren S\u00fcr\u00fcc\u00fc Kursu\" \/>\n<meta property=\"og:description\" content=\"Resmi Evraklar Ehliyet \u0130\u00e7in Gerekli Evraklar Ba\u015fvuru i\u00e7in geldi\u011finizde bu evraklar\u0131 yan\u0131n\u0131zda getirmeniz gereklidir. \u2605 1 Adet Biyometrik Foto\u011fraf Ki\u015fisel foto\u011fraflar\u0131n\u0131z\u0131n tamam\u0131n\u0131n biyometrik standartlarda \u00e7ekilmi\u015f ve bast\u0131r\u0131lm\u0131\u015f olmas\u0131 gerekmektedir. \u2605 Diploma Fotokopisi veya \u00d6\u011frenci Belgesi E\u011fer \u00f6\u011frenci de\u011filseniz en son mezun oldu\u011funuz e\u011fitim \u00f6\u011fretim program\u0131 diploman\u0131z\u0131n 1 adet fotokopisi, e\u011fer \u00f6\u011frenciyseniz de 1 adet \u00f6\u011frenci [&hellip;]\" \/>\n<meta property=\"og:url\" content=\"https:\/\/erensurucukursu.com.tr\/index.php\/gerekli-evraklar\/\" \/>\n<meta property=\"og:site_name\" content=\"Eren S\u00fcr\u00fcc\u00fc Kursu\" \/>\n<meta property=\"article:modified_time\" content=\"2023-12-18T19:33:34+00:00\" \/>\n<meta property=\"og:image\" content=\"https:\/\/erensurucukursu.com.tr\/wp-content\/uploads\/2023\/12\/logo-without-watermark-removebg-preview.png\" \/>\n\t<meta property=\"og:image:width\" content=\"300\" \/>\n\t<meta property=\"og:image:height\" content=\"263\" \/>\n\t<meta property=\"og:image:type\" content=\"image\/png\" \/>\n<meta name=\"twitter:card\" content=\"summary_large_image\" \/>\n<meta name=\"twitter:label1\" content=\"Est. reading time\" \/>\n\t<meta name=\"twitter:data1\" content=\"1 minute\" \/>\n<script type=\"application\/ld+json\" class=\"yoast-schema-graph\">{\"@context\":\"https:\/\/schema.org\",\"@graph\":[{\"@type\":\"WebPage\",\"@id\":\"https:\/\/erensurucukursu.com.tr\/index.php\/gerekli-evraklar\/\",\"url\":\"https:\/\/erensurucukursu.com.tr\/index.php\/gerekli-evraklar\/\",\"name\":\"Gerekli Evraklar - Eren S\u00fcr\u00fcc\u00fc Kursu\",\"isPartOf\":{\"@id\":\"https:\/\/erensurucukursu.com.tr\/#website\"},\"datePublished\":\"2023-12-18T19:23:01+00:00\",\"dateModified\":\"2023-12-18T19:33:34+00:00\",\"breadcrumb\":{\"@id\":\"https:\/\/erensurucukursu.com.tr\/index.php\/gerekli-evraklar\/#breadcrumb\"},\"inLanguage\":\"en-US\",\"potentialAction\":[{\"@type\":\"ReadAction\",\"target\":[\"https:\/\/erensurucukursu.com.tr\/index.php\/gerekli-evraklar\/\"]}]},{\"@type\":\"BreadcrumbList\",\"@id\":\"https:\/\/erensurucukursu.com.tr\/index.php\/gerekli-evraklar\/#breadcrumb\",\"itemListElement\":[{\"@type\":\"ListItem\",\"position\":1,\"name\":\"Home\",\"item\":\"https:\/\/erensurucukursu.com.tr\/\"},{\"@type\":\"ListItem\",\"position\":2,\"name\":\"Gerekli Evraklar\"}]},{\"@type\":\"WebSite\",\"@id\":\"https:\/\/erensurucukursu.com.tr\/#website\",\"url\":\"https:\/\/erensurucukursu.com.tr\/\",\"name\":\"Eren S\u00fcr\u00fcc\u00fc Kursu\",\"description\":\"Ehliyet Yolculu\u011funda Size Arkada\u015f\",\"publisher\":{\"@id\":\"https:\/\/erensurucukursu.com.tr\/#organization\"},\"potentialAction\":[{\"@type\":\"SearchAction\",\"target\":{\"@type\":\"EntryPoint\",\"urlTemplate\":\"https:\/\/erensurucukursu.com.tr\/?s={search_term_string}\"},\"query-input\":\"required name=search_term_string\"}],\"inLanguage\":\"en-US\"},{\"@type\":\"Organization\",\"@id\":\"https:\/\/erensurucukursu.com.tr\/#organization\",\"name\":\"Eren S\u00fcr\u00fcc\u00fc Kursu\",\"url\":\"https:\/\/erensurucukursu.com.tr\/\",\"logo\":{\"@type\":\"ImageObject\",\"inLanguage\":\"en-US\",\"@id\":\"https:\/\/erensurucukursu.com.tr\/#\/schema\/logo\/image\/\",\"url\":\"https:\/\/erensurucukursu.com.tr\/wp-content\/uploads\/2023\/12\/logo-without-watermark.png\",\"contentUrl\":\"https:\/\/erensurucukursu.com.tr\/wp-content\/uploads\/2023\/12\/logo-without-watermark.png\",\"width\":300,\"height\":263,\"caption\":\"Eren S\u00fcr\u00fcc\u00fc Kursu\"},\"image\":{\"@id\":\"https:\/\/erensurucukursu.com.tr\/#\/schema\/logo\/image\/\"},\"sameAs\":[\"https:\/\/www.instagram.com\/uskerenmtsk\/\"]}]}<\/script>\n<!-- \/ Yoast SEO plugin. -->","yoast_head_json":{"title":"Gerekli Evraklar - Eren S\u00fcr\u00fcc\u00fc Kursu","robots":{"index":"index","follow":"follow","max-snippet":"max-snippet:-1","max-image-preview":"max-image-preview:large","max-video-preview":"max-video-preview:-1"},"canonical":"https:\/\/erensurucukursu.com.tr\/index.php\/gerekli-evraklar\/","og_locale":"en_US","og_type":"article","og_title":"Gerekli Evraklar - Eren S\u00fcr\u00fcc\u00fc Kursu","og_description":"Resmi Evraklar Ehliyet \u0130\u00e7in Gerekli Evraklar Ba\u015fvuru i\u00e7in geldi\u011finizde bu evraklar\u0131 yan\u0131n\u0131zda getirmeniz gereklidir. \u2605 1 Adet Biyometrik Foto\u011fraf Ki\u015fisel foto\u011fraflar\u0131n\u0131z\u0131n tamam\u0131n\u0131n biyometrik standartlarda \u00e7ekilmi\u015f ve bast\u0131r\u0131lm\u0131\u015f olmas\u0131 gerekmektedir. \u2605 Diploma Fotokopisi veya \u00d6\u011frenci Belgesi E\u011fer \u00f6\u011frenci de\u011filseniz en son mezun oldu\u011funuz e\u011fitim \u00f6\u011fretim program\u0131 diploman\u0131z\u0131n 1 adet fotokopisi, e\u011fer \u00f6\u011frenciyseniz de 1 adet \u00f6\u011frenci [&hellip;]","og_url":"https:\/\/erensurucukursu.com.tr\/index.php\/gerekli-evraklar\/","og_site_name":"Eren S\u00fcr\u00fcc\u00fc Kursu","article_modified_time":"2023-12-18T19:33:34+00:00","og_image":[{"width":300,"height":263,"url":"https:\/\/erensurucukursu.com.tr\/wp-content\/uploads\/2023\/12\/logo-without-watermark-removebg-preview.png","type":"image\/png"}],"twitter_card":"summary_large_image","twitter_misc":{"Est. reading time":"1 minute"},"schema":{"@context":"https:\/\/schema.org","@graph":[{"@type":"WebPage","@id":"https:\/\/erensurucukursu.com.tr\/index.php\/gerekli-evraklar\/","url":"https:\/\/erensurucukursu.com.tr\/index.php\/gerekli-evraklar\/","name":"Gerekli Evraklar - Eren S\u00fcr\u00fcc\u00fc Kursu","isPartOf":{"@id":"https:\/\/erensurucukursu.com.tr\/#website"},"datePublished":"2023-12-18T19:23:01+00:00","dateModified":"2023-12-18T19:33:34+00:00","breadcrumb":{"@id":"https:\/\/erensurucukursu.com.tr\/index.php\/gerekli-evraklar\/#breadcrumb"},"inLanguage":"en-US","potentialAction":[{"@type":"ReadAction","target":["https:\/\/erensurucukursu.com.tr\/index.php\/gerekli-evraklar\/"]}]},{"@type":"BreadcrumbList","@id":"https:\/\/erensurucukursu.com.tr\/index.php\/gerekli-evraklar\/#breadcrumb","itemListElement":[{"@type":"ListItem","position":1,"name":"Home","item":"https:\/\/erensurucukursu.com.tr\/"},{"@type":"ListItem","position":2,"name":"Gerekli Evraklar"}]},{"@type":"WebSite","@id":"https:\/\/erensurucukursu.com.tr\/#website","url":"https:\/\/erensurucukursu.com.tr\/","name":"Eren S\u00fcr\u00fcc\u00fc Kursu","description":"Ehliyet Yolculu\u011funda Size Arkada\u015f","publisher":{"@id":"https:\/\/erensurucukursu.com.tr\/#organization"},"potentialAction":[{"@type":"SearchAction","target":{"@type":"EntryPoint","urlTemplate":"https:\/\/erensurucukursu.com.tr\/?s={search_term_string}"},"query-input":"required name=search_term_string"}],"inLanguage":"en-US"},{"@type":"Organization","@id":"https:\/\/erensurucukursu.com.tr\/#organization","name":"Eren S\u00fcr\u00fcc\u00fc Kursu","url":"https:\/\/erensurucukursu.com.tr\/","logo":{"@type":"ImageObject","inLanguage":"en-US","@id":"https:\/\/erensurucukursu.com.tr\/#\/schema\/logo\/image\/","url":"https:\/\/erensurucukursu.com.tr\/wp-content\/uploads\/2023\/12\/logo-without-watermark.png","contentUrl":"https:\/\/erensurucukursu.com.tr\/wp-content\/uploads\/2023\/12\/logo-without-watermark.png","width":300,"height":263,"caption":"Eren S\u00fcr\u00fcc\u00fc Kursu"},"image":{"@id":"https:\/\/erensurucukursu.com.tr\/#\/schema\/logo\/image\/"},"sameAs":["https:\/\/www.instagram.com\/uskerenmtsk\/"]}]}},"jetpack_sharing_enabled":true,"_links":{"self":[{"href":"https:\/\/erensurucukursu.com.tr\/index.php\/wp-json\/wp\/v2\/pages\/575","targetHints":{"allow":["GET"]}}],"collection":[{"href":"https:\/\/erensurucukursu.com.tr\/index.php\/wp-json\/wp\/v2\/pages"}],"about":[{"href":"https:\/\/erensurucukursu.com.tr\/index.php\/wp-json\/wp\/v2\/types\/page"}],"author":[{"embeddable":true,"href":"https:\/\/erensurucukursu.com.tr\/index.php\/wp-json\/wp\/v2\/users\/1"}],"replies":[{"embeddable":true,"href":"https:\/\/erensurucukursu.com.tr\/index.php\/wp-json\/wp\/v2\/comments?post=575"}],"version-history":[{"count":2,"href":"https:\/\/erensurucukursu.com.tr\/index.php\/wp-json\/wp\/v2\/pages\/575\/revisions"}],"predecessor-version":[{"id":581,"href":"https:\/\/erensurucukursu.com.tr\/index.php\/wp-json\/wp\/v2\/pages\/575\/revisions\/581"}],"wp:attachment":[{"href":"https:\/\/erensurucukursu.com.tr\/index.php\/wp-json\/wp\/v2\/media?parent=575"}],"curies":[{"name":"wp","href":"https:\/\/api.w.org\/{rel}","templated":true}]}}