{"id":597,"date":"2023-12-19T15:19:47","date_gmt":"2023-12-19T12:19:47","guid":{"rendered":"https:\/\/erensurucukursu.com.tr\/?page_id=597"},"modified":"2023-12-26T17:30:59","modified_gmt":"2023-12-26T14:30:59","slug":"video-dersler","status":"publish","type":"page","link":"https:\/\/erensurucukursu.com.tr\/index.php\/video-dersler\/","title":{"rendered":"Video Dersler"},"content":{"rendered":"\n<div class=\"wp-block-group alignfull feature-boxes has-global-padding is-layout-constrained wp-container-core-group-is-layout-b410ab56 wp-block-group-is-layout-constrained\" style=\"margin-top:0px;padding-top:var(--wp--preset--spacing--large);padding-right:var(--wp--preset--spacing--medium);padding-bottom:var(--wp--preset--spacing--large);padding-left:var(--wp--preset--spacing--medium)\">\n<div class=\"wp-block-group is-layout-flow wp-container-core-group-is-layout-c7b3064f wp-block-group-is-layout-flow\">\n<p class=\"has-text-align-center has-primary-color has-text-color has-small-font-size\" style=\"font-style:normal;font-weight:500\">Ek Kaynaklar<\/p>\n\n\n\n<h2 class=\"wp-block-heading has-text-align-center\">\u00d6\u011frenmeye Ara Vermeyin<\/h2>\n\n\n\n<p class=\"has-text-align-center\">Derslerinize ek olarak daha fazla \u00e7al\u0131\u015f\u0131p i\u015fi garantiye mi almak istiyorsan\u0131z? Bu videolar size yard\u0131mc\u0131 olacakt\u0131r.<\/p>\n<\/div>\n\n\n\n<div class=\"wp-block-group alignwide is-vertical is-content-justification-center is-layout-flex wp-container-core-group-is-layout-74236c0f wp-block-group-is-layout-flex\">\n<div class=\"wp-block-columns alignwide is-layout-flex wp-container-core-columns-is-layout-9dcac5f8 wp-block-columns-is-layout-flex\" style=\"margin-top:0px;margin-bottom:0px\">\n<div class=\"wp-block-column is-vertically-aligned-center is-style-default has-main-background-color has-background is-layout-flow wp-container-core-column-is-layout-90b8daad wp-block-column-is-layout-flow\" style=\"padding-top:var(--wp--preset--spacing--medium);padding-right:var(--wp--preset--spacing--medium);padding-bottom:var(--wp--preset--spacing--medium);padding-left:var(--wp--preset--spacing--medium);flex-basis:400px\">\n<div class=\"wp-block-group has-global-padding is-layout-constrained wp-container-core-group-is-layout-f5f3bcb8 wp-block-group-is-layout-constrained\">\n<h3 class=\"wp-block-heading has-text-align-center has-base-color has-text-color has-base-font-size\">Trafik ve \u00c7evre Bilgisi<\/h3>\n<\/div>\n\n\n\n<div class=\"wp-block-group has-global-padding is-layout-constrained wp-container-core-group-is-layout-f5f3bcb8 wp-block-group-is-layout-constrained\">\n<hr class=\"wp-block-separator has-text-color has-secondary-color has-alpha-channel-opacity has-secondary-background-color has-background is-style-separator-dotted\"\/>\n<\/div>\n\n\n\n<div class=\"wp-block-group has-primary-background-color has-background has-global-padding is-layout-constrained wp-container-core-group-is-layout-7a7c8a56 wp-block-group-is-layout-constrained\" style=\"border-radius:100px;padding-top:2px;padding-right:7px;padding-bottom:2px;padding-left:7px\">\n<p class=\"has-text-align-center has-base-color has-text-color has-link-color has-x-small-font-size wp-elements-ccd6cc03f5c7de7b032cf870937ba1f3\"><a href=\"https:\/\/erensurucukursu.com.tr\/index.php\/trafik-ve-cevre-bilgisi\/\" data-type=\"link\" data-id=\"https:\/\/erensurucukursu.com.tr\/index.php\/trafik-ve-cevre-bilgisi\/\">Buraya T\u0131klay\u0131n<\/a><\/p>\n<\/div>\n<\/div>\n\n\n\n<div class=\"wp-block-column is-vertically-aligned-center is-style-default has-main-background-color has-background is-layout-flow wp-container-core-column-is-layout-90b8daad wp-block-column-is-layout-flow\" style=\"padding-top:var(--wp--preset--spacing--medium);padding-right:var(--wp--preset--spacing--medium);padding-bottom:var(--wp--preset--spacing--medium);padding-left:var(--wp--preset--spacing--medium);flex-basis:400px\">\n<div class=\"wp-block-group has-global-padding is-layout-constrained wp-container-core-group-is-layout-f5f3bcb8 wp-block-group-is-layout-constrained\">\n<h3 class=\"wp-block-heading has-text-align-center has-base-color has-text-color has-base-font-size\">Ara\u00e7 Tekni\u011fi      Bilgisi<\/h3>\n<\/div>\n\n\n\n<div class=\"wp-block-group has-global-padding is-layout-constrained wp-container-core-group-is-layout-f5f3bcb8 wp-block-group-is-layout-constrained\">\n<hr class=\"wp-block-separator has-text-color has-secondary-color has-alpha-channel-opacity has-secondary-background-color has-background is-style-separator-dotted\"\/>\n<\/div>\n\n\n\n<div class=\"wp-block-group has-primary-background-color has-background has-global-padding is-layout-constrained wp-container-core-group-is-layout-7a7c8a56 wp-block-group-is-layout-constrained\" style=\"border-radius:100px;padding-top:2px;padding-right:7px;padding-bottom:2px;padding-left:7px\">\n<p class=\"has-text-align-center has-base-color has-text-color has-link-color has-x-small-font-size wp-elements-49b487cd647b859ed5360c768664ddba\"><a href=\"https:\/\/erensurucukursu.com.tr\/index.php\/arac-teknigi-bilgisi\/\" data-type=\"link\" data-id=\"https:\/\/erensurucukursu.com.tr\/index.php\/arac-teknigi-bilgisi\/\">Buraya T\u0131klay\u0131n<\/a><\/p>\n<\/div>\n<\/div>\n\n\n\n<div class=\"wp-block-column is-vertically-aligned-center is-style-default has-main-background-color has-background is-layout-flow wp-container-core-column-is-layout-90b8daad wp-block-column-is-layout-flow\" style=\"padding-top:var(--wp--preset--spacing--medium);padding-right:var(--wp--preset--spacing--medium);padding-bottom:var(--wp--preset--spacing--medium);padding-left:var(--wp--preset--spacing--medium);flex-basis:400px\">\n<div class=\"wp-block-group has-global-padding is-layout-constrained wp-container-core-group-is-layout-f5f3bcb8 wp-block-group-is-layout-constrained\">\n<h3 class=\"wp-block-heading has-text-align-center has-base-color has-text-color has-base-font-size\">\u0130lk Yard\u0131m <br>Bilgisi<\/h3>\n<\/div>\n\n\n\n<div class=\"wp-block-group has-global-padding is-layout-constrained wp-container-core-group-is-layout-f5f3bcb8 wp-block-group-is-layout-constrained\">\n<hr class=\"wp-block-separator has-text-color has-secondary-color has-alpha-channel-opacity has-secondary-background-color has-background is-style-separator-dotted\"\/>\n<\/div>\n\n\n\n<div class=\"wp-block-group has-primary-background-color has-background has-global-padding is-layout-constrained wp-container-core-group-is-layout-7a7c8a56 wp-block-group-is-layout-constrained\" style=\"border-radius:100px;padding-top:2px;padding-right:7px;padding-bottom:2px;padding-left:7px\">\n<p class=\"has-text-align-center has-base-color has-text-color has-link-color has-x-small-font-size wp-elements-cd8db7ccc510199fd5eb797d7343c7da\"><a href=\"https:\/\/erensurucukursu.com.tr\/index.php\/ilk-yardim-bilgisi\/\" data-type=\"link\" data-id=\"https:\/\/erensurucukursu.com.tr\/index.php\/ilk-yardim-bilgisi\/\">Buraya T\u0131klay\u0131n<\/a><\/p>\n<\/div>\n<\/div>\n<\/div>\n\n\n\n<div class=\"wp-block-columns alignwide is-layout-flex wp-container-core-columns-is-layout-9dcac5f8 wp-block-columns-is-layout-flex\" style=\"margin-top:0px;margin-bottom:0px\">\n<div class=\"wp-block-column is-vertically-aligned-center is-style-default has-main-background-color has-background is-layout-flow wp-container-core-column-is-layout-86cb7a90 wp-block-column-is-layout-flow\" style=\"padding-top:var(--wp--preset--spacing--medium);padding-right:var(--wp--preset--spacing--large);padding-bottom:var(--wp--preset--spacing--medium);padding-left:var(--wp--preset--spacing--large);flex-basis:300px\">\n<div class=\"wp-block-group has-global-padding is-layout-constrained wp-container-core-group-is-layout-f5f3bcb8 wp-block-group-is-layout-constrained\">\n<h3 class=\"wp-block-heading has-text-align-center has-base-color has-text-color has-base-font-size\">Trafik<br> Adab\u0131<\/h3>\n<\/div>\n\n\n\n<div class=\"wp-block-group has-global-padding is-layout-constrained wp-container-core-group-is-layout-f5f3bcb8 wp-block-group-is-layout-constrained\">\n<hr class=\"wp-block-separator has-text-color has-secondary-color has-alpha-channel-opacity has-secondary-background-color has-background is-style-separator-dotted\"\/>\n<\/div>\n\n\n\n<div class=\"wp-block-group has-primary-background-color has-background has-global-padding is-layout-constrained wp-container-core-group-is-layout-7a7c8a56 wp-block-group-is-layout-constrained\" style=\"border-radius:100px;padding-top:2px;padding-right:7px;padding-bottom:2px;padding-left:7px\">\n<p class=\"has-text-align-center has-base-color has-text-color has-link-color has-x-small-font-size wp-elements-32e1f752f33b1747b2dda507adad6228\"><a href=\"https:\/\/erensurucukursu.com.tr\/index.php\/trafik-adabi\/\" data-type=\"link\" data-id=\"https:\/\/erensurucukursu.com.tr\/index.php\/trafik-adabi\/\">Buraya T\u0131klay\u0131n<\/a><\/p>\n<\/div>\n<\/div>\n\n\n\n<div class=\"wp-block-column is-vertically-aligned-center is-style-default has-main-background-color has-background is-layout-flow wp-container-core-column-is-layout-86cb7a90 wp-block-column-is-layout-flow\" style=\"padding-top:var(--wp--preset--spacing--medium);padding-right:var(--wp--preset--spacing--large);padding-bottom:var(--wp--preset--spacing--medium);padding-left:var(--wp--preset--spacing--large);flex-basis:300px\">\n<div class=\"wp-block-group has-global-padding is-layout-constrained wp-container-core-group-is-layout-f5f3bcb8 wp-block-group-is-layout-constrained\">\n<h3 class=\"wp-block-heading has-text-align-center has-base-color has-text-color has-base-font-size\">Soru \u00c7\u00f6z\u00fcmleri<\/h3>\n<\/div>\n\n\n\n<div class=\"wp-block-group has-global-padding is-layout-constrained wp-container-core-group-is-layout-f5f3bcb8 wp-block-group-is-layout-constrained\">\n<hr class=\"wp-block-separator has-text-color has-secondary-color has-alpha-channel-opacity has-secondary-background-color has-background is-style-separator-dotted\"\/>\n<\/div>\n\n\n\n<div class=\"wp-block-group has-primary-background-color has-background has-global-padding is-layout-constrained wp-container-core-group-is-layout-7a7c8a56 wp-block-group-is-layout-constrained\" style=\"border-radius:100px;padding-top:2px;padding-right:7px;padding-bottom:2px;padding-left:7px\">\n<p class=\"has-text-align-center has-base-color has-text-color has-link-color has-x-small-font-size wp-elements-159e0f5605279d99ef1af0bb1faea787\"><a href=\"https:\/\/erensurucukursu.com.tr\/index.php\/soru-cozumleri\/\" data-type=\"link\" data-id=\"https:\/\/erensurucukursu.com.tr\/index.php\/soru-cozumleri\/\">Buraya T\u0131klay\u0131n<\/a><\/p>\n<\/div>\n<\/div>\n\n\n\n<div class=\"wp-block-column is-vertically-aligned-center is-style-default has-main-background-color has-background is-layout-flow wp-container-core-column-is-layout-86cb7a90 wp-block-column-is-layout-flow\" style=\"padding-top:var(--wp--preset--spacing--medium);padding-right:var(--wp--preset--spacing--large);padding-bottom:var(--wp--preset--spacing--medium);padding-left:var(--wp--preset--spacing--large);flex-basis:300px\">\n<div class=\"wp-block-group has-global-padding is-layout-constrained wp-container-core-group-is-layout-f5f3bcb8 wp-block-group-is-layout-constrained\">\n<h3 class=\"wp-block-heading has-text-align-center has-base-color has-text-color has-base-font-size\">Direksiyon Dersi<\/h3>\n<\/div>\n\n\n\n<div class=\"wp-block-group has-global-padding is-layout-constrained wp-container-core-group-is-layout-f5f3bcb8 wp-block-group-is-layout-constrained\">\n<hr class=\"wp-block-separator has-text-color has-secondary-color has-alpha-channel-opacity has-secondary-background-color has-background is-style-separator-dotted\"\/>\n<\/div>\n\n\n\n<div class=\"wp-block-group has-primary-background-color has-background has-global-padding is-layout-constrained wp-container-core-group-is-layout-7a7c8a56 wp-block-group-is-layout-constrained\" style=\"border-radius:100px;padding-top:2px;padding-right:7px;padding-bottom:2px;padding-left:7px\">\n<p class=\"has-text-align-center has-base-color has-text-color has-link-color has-x-small-font-size wp-elements-df317e8f6e1c47dfe6e07eeb8ff0643c\"><a href=\"https:\/\/erensurucukursu.com.tr\/index.php\/direksiyon-dersi\/\">Buraya T\u0131klay\u0131n<\/a><\/p>\n<\/div>\n<\/div>\n<\/div>\n<\/div>\n<\/div>\n","protected":false},"excerpt":{"rendered":"<p>Ek Kaynaklar \u00d6\u011frenmeye Ara Vermeyin Derslerinize ek olarak daha fazla \u00e7al\u0131\u015f\u0131p i\u015fi garantiye mi almak istiyorsan\u0131z? Bu videolar size yard\u0131mc\u0131 olacakt\u0131r. Trafik ve \u00c7evre Bilgisi Buraya T\u0131klay\u0131n Ara\u00e7 Tekni\u011fi Bilgisi Buraya T\u0131klay\u0131n \u0130lk Yard\u0131m Bilgisi Buraya T\u0131klay\u0131n Trafik Adab\u0131 Buraya T\u0131klay\u0131n Soru \u00c7\u00f6z\u00fcmleri Buraya T\u0131klay\u0131n Direksiyon Dersi Buraya T\u0131klay\u0131n<\/p>\n","protected":false},"author":1,"featured_media":0,"parent":0,"menu_order":0,"comment_status":"closed","ping_status":"closed","template":"","meta":{"footnotes":""},"class_list":["post-597","page","type-page","status-publish","hentry"],"yoast_head":"<!-- This site is optimized with the Yoast SEO plugin v21.7 - https:\/\/yoast.com\/wordpress\/plugins\/seo\/ -->\n<title>Video Dersler - Eren S\u00fcr\u00fcc\u00fc Kursu<\/title>\n<meta name=\"robots\" content=\"index, follow, max-snippet:-1, max-image-preview:large, max-video-preview:-1\" \/>\n<link rel=\"canonical\" href=\"https:\/\/erensurucukursu.com.tr\/index.php\/video-dersler\/\" \/>\n<meta property=\"og:locale\" content=\"en_US\" \/>\n<meta property=\"og:type\" content=\"article\" \/>\n<meta property=\"og:title\" content=\"Video Dersler - Eren S\u00fcr\u00fcc\u00fc Kursu\" \/>\n<meta property=\"og:description\" content=\"Ek Kaynaklar \u00d6\u011frenmeye Ara Vermeyin Derslerinize ek olarak daha fazla \u00e7al\u0131\u015f\u0131p i\u015fi garantiye mi almak istiyorsan\u0131z? Bu videolar size yard\u0131mc\u0131 olacakt\u0131r. Trafik ve \u00c7evre Bilgisi Buraya T\u0131klay\u0131n Ara\u00e7 Tekni\u011fi Bilgisi Buraya T\u0131klay\u0131n \u0130lk Yard\u0131m Bilgisi Buraya T\u0131klay\u0131n Trafik Adab\u0131 Buraya T\u0131klay\u0131n Soru \u00c7\u00f6z\u00fcmleri Buraya T\u0131klay\u0131n Direksiyon Dersi Buraya T\u0131klay\u0131n\" \/>\n<meta property=\"og:url\" content=\"https:\/\/erensurucukursu.com.tr\/index.php\/video-dersler\/\" \/>\n<meta property=\"og:site_name\" content=\"Eren S\u00fcr\u00fcc\u00fc Kursu\" \/>\n<meta property=\"article:modified_time\" content=\"2023-12-26T14:30:59+00:00\" \/>\n<meta property=\"og:image\" content=\"https:\/\/erensurucukursu.com.tr\/wp-content\/uploads\/2023\/12\/logo-without-watermark-removebg-preview.png\" \/>\n\t<meta property=\"og:image:width\" content=\"300\" \/>\n\t<meta property=\"og:image:height\" content=\"263\" \/>\n\t<meta property=\"og:image:type\" content=\"image\/png\" \/>\n<meta name=\"twitter:card\" content=\"summary_large_image\" \/>\n<script type=\"application\/ld+json\" class=\"yoast-schema-graph\">{\"@context\":\"https:\/\/schema.org\",\"@graph\":[{\"@type\":\"WebPage\",\"@id\":\"https:\/\/erensurucukursu.com.tr\/index.php\/video-dersler\/\",\"url\":\"https:\/\/erensurucukursu.com.tr\/index.php\/video-dersler\/\",\"name\":\"Video Dersler - Eren S\u00fcr\u00fcc\u00fc Kursu\",\"isPartOf\":{\"@id\":\"https:\/\/erensurucukursu.com.tr\/#website\"},\"datePublished\":\"2023-12-19T12:19:47+00:00\",\"dateModified\":\"2023-12-26T14:30:59+00:00\",\"breadcrumb\":{\"@id\":\"https:\/\/erensurucukursu.com.tr\/index.php\/video-dersler\/#breadcrumb\"},\"inLanguage\":\"en-US\",\"potentialAction\":[{\"@type\":\"ReadAction\",\"target\":[\"https:\/\/erensurucukursu.com.tr\/index.php\/video-dersler\/\"]}]},{\"@type\":\"BreadcrumbList\",\"@id\":\"https:\/\/erensurucukursu.com.tr\/index.php\/video-dersler\/#breadcrumb\",\"itemListElement\":[{\"@type\":\"ListItem\",\"position\":1,\"name\":\"Home\",\"item\":\"https:\/\/erensurucukursu.com.tr\/\"},{\"@type\":\"ListItem\",\"position\":2,\"name\":\"Video Dersler\"}]},{\"@type\":\"WebSite\",\"@id\":\"https:\/\/erensurucukursu.com.tr\/#website\",\"url\":\"https:\/\/erensurucukursu.com.tr\/\",\"name\":\"Eren S\u00fcr\u00fcc\u00fc Kursu\",\"description\":\"Ehliyet Yolculu\u011funda Size Arkada\u015f\",\"publisher\":{\"@id\":\"https:\/\/erensurucukursu.com.tr\/#organization\"},\"potentialAction\":[{\"@type\":\"SearchAction\",\"target\":{\"@type\":\"EntryPoint\",\"urlTemplate\":\"https:\/\/erensurucukursu.com.tr\/?s={search_term_string}\"},\"query-input\":\"required name=search_term_string\"}],\"inLanguage\":\"en-US\"},{\"@type\":\"Organization\",\"@id\":\"https:\/\/erensurucukursu.com.tr\/#organization\",\"name\":\"Eren S\u00fcr\u00fcc\u00fc Kursu\",\"url\":\"https:\/\/erensurucukursu.com.tr\/\",\"logo\":{\"@type\":\"ImageObject\",\"inLanguage\":\"en-US\",\"@id\":\"https:\/\/erensurucukursu.com.tr\/#\/schema\/logo\/image\/\",\"url\":\"https:\/\/erensurucukursu.com.tr\/wp-content\/uploads\/2023\/12\/logo-without-watermark.png\",\"contentUrl\":\"https:\/\/erensurucukursu.com.tr\/wp-content\/uploads\/2023\/12\/logo-without-watermark.png\",\"width\":300,\"height\":263,\"caption\":\"Eren S\u00fcr\u00fcc\u00fc Kursu\"},\"image\":{\"@id\":\"https:\/\/erensurucukursu.com.tr\/#\/schema\/logo\/image\/\"},\"sameAs\":[\"https:\/\/www.instagram.com\/uskerenmtsk\/\"]}]}<\/script>\n<!-- \/ Yoast SEO plugin. -->","yoast_head_json":{"title":"Video Dersler - Eren S\u00fcr\u00fcc\u00fc Kursu","robots":{"index":"index","follow":"follow","max-snippet":"max-snippet:-1","max-image-preview":"max-image-preview:large","max-video-preview":"max-video-preview:-1"},"canonical":"https:\/\/erensurucukursu.com.tr\/index.php\/video-dersler\/","og_locale":"en_US","og_type":"article","og_title":"Video Dersler - Eren S\u00fcr\u00fcc\u00fc Kursu","og_description":"Ek Kaynaklar \u00d6\u011frenmeye Ara Vermeyin Derslerinize ek olarak daha fazla \u00e7al\u0131\u015f\u0131p i\u015fi garantiye mi almak istiyorsan\u0131z? Bu videolar size yard\u0131mc\u0131 olacakt\u0131r. Trafik ve \u00c7evre Bilgisi Buraya T\u0131klay\u0131n Ara\u00e7 Tekni\u011fi Bilgisi Buraya T\u0131klay\u0131n \u0130lk Yard\u0131m Bilgisi Buraya T\u0131klay\u0131n Trafik Adab\u0131 Buraya T\u0131klay\u0131n Soru \u00c7\u00f6z\u00fcmleri Buraya T\u0131klay\u0131n Direksiyon Dersi Buraya T\u0131klay\u0131n","og_url":"https:\/\/erensurucukursu.com.tr\/index.php\/video-dersler\/","og_site_name":"Eren S\u00fcr\u00fcc\u00fc Kursu","article_modified_time":"2023-12-26T14:30:59+00:00","og_image":[{"width":300,"height":263,"url":"https:\/\/erensurucukursu.com.tr\/wp-content\/uploads\/2023\/12\/logo-without-watermark-removebg-preview.png","type":"image\/png"}],"twitter_card":"summary_large_image","schema":{"@context":"https:\/\/schema.org","@graph":[{"@type":"WebPage","@id":"https:\/\/erensurucukursu.com.tr\/index.php\/video-dersler\/","url":"https:\/\/erensurucukursu.com.tr\/index.php\/video-dersler\/","name":"Video Dersler - Eren S\u00fcr\u00fcc\u00fc Kursu","isPartOf":{"@id":"https:\/\/erensurucukursu.com.tr\/#website"},"datePublished":"2023-12-19T12:19:47+00:00","dateModified":"2023-12-26T14:30:59+00:00","breadcrumb":{"@id":"https:\/\/erensurucukursu.com.tr\/index.php\/video-dersler\/#breadcrumb"},"inLanguage":"en-US","potentialAction":[{"@type":"ReadAction","target":["https:\/\/erensurucukursu.com.tr\/index.php\/video-dersler\/"]}]},{"@type":"BreadcrumbList","@id":"https:\/\/erensurucukursu.com.tr\/index.php\/video-dersler\/#breadcrumb","itemListElement":[{"@type":"ListItem","position":1,"name":"Home","item":"https:\/\/erensurucukursu.com.tr\/"},{"@type":"ListItem","position":2,"name":"Video Dersler"}]},{"@type":"WebSite","@id":"https:\/\/erensurucukursu.com.tr\/#website","url":"https:\/\/erensurucukursu.com.tr\/","name":"Eren S\u00fcr\u00fcc\u00fc Kursu","description":"Ehliyet Yolculu\u011funda Size Arkada\u015f","publisher":{"@id":"https:\/\/erensurucukursu.com.tr\/#organization"},"potentialAction":[{"@type":"SearchAction","target":{"@type":"EntryPoint","urlTemplate":"https:\/\/erensurucukursu.com.tr\/?s={search_term_string}"},"query-input":"required name=search_term_string"}],"inLanguage":"en-US"},{"@type":"Organization","@id":"https:\/\/erensurucukursu.com.tr\/#organization","name":"Eren S\u00fcr\u00fcc\u00fc Kursu","url":"https:\/\/erensurucukursu.com.tr\/","logo":{"@type":"ImageObject","inLanguage":"en-US","@id":"https:\/\/erensurucukursu.com.tr\/#\/schema\/logo\/image\/","url":"https:\/\/erensurucukursu.com.tr\/wp-content\/uploads\/2023\/12\/logo-without-watermark.png","contentUrl":"https:\/\/erensurucukursu.com.tr\/wp-content\/uploads\/2023\/12\/logo-without-watermark.png","width":300,"height":263,"caption":"Eren S\u00fcr\u00fcc\u00fc Kursu"},"image":{"@id":"https:\/\/erensurucukursu.com.tr\/#\/schema\/logo\/image\/"},"sameAs":["https:\/\/www.instagram.com\/uskerenmtsk\/"]}]}},"jetpack_sharing_enabled":true,"_links":{"self":[{"href":"https:\/\/erensurucukursu.com.tr\/index.php\/wp-json\/wp\/v2\/pages\/597","targetHints":{"allow":["GET"]}}],"collection":[{"href":"https:\/\/erensurucukursu.com.tr\/index.php\/wp-json\/wp\/v2\/pages"}],"about":[{"href":"https:\/\/erensurucukursu.com.tr\/index.php\/wp-json\/wp\/v2\/types\/page"}],"author":[{"embeddable":true,"href":"https:\/\/erensurucukursu.com.tr\/index.php\/wp-json\/wp\/v2\/users\/1"}],"replies":[{"embeddable":true,"href":"https:\/\/erensurucukursu.com.tr\/index.php\/wp-json\/wp\/v2\/comments?post=597"}],"version-history":[{"count":3,"href":"https:\/\/erensurucukursu.com.tr\/index.php\/wp-json\/wp\/v2\/pages\/597\/revisions"}],"predecessor-version":[{"id":686,"href":"https:\/\/erensurucukursu.com.tr\/index.php\/wp-json\/wp\/v2\/pages\/597\/revisions\/686"}],"wp:attachment":[{"href":"https:\/\/erensurucukursu.com.tr\/index.php\/wp-json\/wp\/v2\/media?parent=597"}],"curies":[{"name":"wp","href":"https:\/\/api.w.org\/{rel}","templated":true}]}}