{"id":607,"date":"2023-12-19T16:21:22","date_gmt":"2023-12-19T13:21:22","guid":{"rendered":"https:\/\/erensurucukursu.com.tr\/?page_id=607"},"modified":"2023-12-21T14:42:28","modified_gmt":"2023-12-21T11:42:28","slug":"ilk-yardim-bilgisi","status":"publish","type":"page","link":"https:\/\/erensurucukursu.com.tr\/index.php\/ilk-yardim-bilgisi\/","title":{"rendered":"\u0130lk Yard\u0131m Bilgisi"},"content":{"rendered":"\n<h2 class=\"wp-block-heading alignwide has-text-align-center\" style=\"padding-top:var(--wp--preset--spacing--medium);padding-bottom:var(--wp--preset--spacing--medium)\">\u0130lk Yard\u0131m Bilgisi E\u011fitim Videolar\u0131<\/h2>\n\n\n\n<figure class=\"wp-block-embed is-type-video is-provider-youtube wp-block-embed-youtube wp-embed-aspect-16-9 wp-has-aspect-ratio\"><div class=\"wp-block-embed__wrapper\">\n<iframe loading=\"lazy\" title=\"\u0130lkyard\u0131m Bilgisi \/ \u0130lkyard\u0131m\u0131n Tan\u0131m\u0131 ve \u00d6nemi\" width=\"500\" height=\"281\" src=\"https:\/\/www.youtube.com\/embed\/fa2mC0FsKVA?feature=oembed\" frameborder=\"0\" allow=\"accelerometer; autoplay; clipboard-write; encrypted-media; gyroscope; picture-in-picture; web-share\" referrerpolicy=\"strict-origin-when-cross-origin\" allowfullscreen><\/iframe>\n<\/div><\/figure>\n\n\n\n<figure class=\"wp-block-embed is-type-video is-provider-youtube wp-block-embed-youtube wp-embed-aspect-16-9 wp-has-aspect-ratio\"><div class=\"wp-block-embed__wrapper\">\n<iframe loading=\"lazy\" title=\"\u0130lkyard\u0131m Bilgisi \/ \u0130nsan V\u00fccudu\" width=\"500\" height=\"281\" src=\"https:\/\/www.youtube.com\/embed\/AwWIsWCig0k?feature=oembed\" frameborder=\"0\" allow=\"accelerometer; autoplay; clipboard-write; encrypted-media; gyroscope; picture-in-picture; web-share\" referrerpolicy=\"strict-origin-when-cross-origin\" allowfullscreen><\/iframe>\n<\/div><\/figure>\n\n\n\n<figure class=\"wp-block-embed is-type-video is-provider-youtube wp-block-embed-youtube wp-embed-aspect-16-9 wp-has-aspect-ratio\"><div class=\"wp-block-embed__wrapper\">\n<iframe loading=\"lazy\" title=\"\u0130lkyard\u0131m Bilgisi \/ Temel Ya\u015fam Deste\u011fi, Solunum ve Kalp Durmas\u0131\" width=\"500\" height=\"281\" src=\"https:\/\/www.youtube.com\/embed\/pEksX32cjDQ?feature=oembed\" frameborder=\"0\" allow=\"accelerometer; autoplay; clipboard-write; encrypted-media; gyroscope; picture-in-picture; web-share\" referrerpolicy=\"strict-origin-when-cross-origin\" allowfullscreen><\/iframe>\n<\/div><\/figure>\n\n\n\n<figure class=\"wp-block-embed is-type-video is-provider-youtube wp-block-embed-youtube wp-embed-aspect-16-9 wp-has-aspect-ratio\"><div class=\"wp-block-embed__wrapper\">\n<iframe loading=\"lazy\" title=\"\u0130lkyard\u0131m Bilgisi \/ Suni Solunum Uygulamalar\u0131\" width=\"500\" height=\"281\" src=\"https:\/\/www.youtube.com\/embed\/_QWHrhiOHY4?feature=oembed\" frameborder=\"0\" allow=\"accelerometer; autoplay; clipboard-write; encrypted-media; gyroscope; picture-in-picture; web-share\" referrerpolicy=\"strict-origin-when-cross-origin\" allowfullscreen><\/iframe>\n<\/div><\/figure>\n\n\n\n<figure class=\"wp-block-embed is-type-video is-provider-youtube wp-block-embed-youtube wp-embed-aspect-16-9 wp-has-aspect-ratio\"><div class=\"wp-block-embed__wrapper\">\n<iframe loading=\"lazy\" title=\"\u0130lkyard\u0131m Bilgisi \/ Kanamalar ve Yaralanmalar\" width=\"500\" height=\"281\" src=\"https:\/\/www.youtube.com\/embed\/DB72wpWMEqk?feature=oembed\" frameborder=\"0\" allow=\"accelerometer; autoplay; clipboard-write; encrypted-media; gyroscope; picture-in-picture; web-share\" referrerpolicy=\"strict-origin-when-cross-origin\" allowfullscreen><\/iframe>\n<\/div><\/figure>\n\n\n\n<figure class=\"wp-block-embed is-type-video is-provider-youtube wp-block-embed-youtube wp-embed-aspect-16-9 wp-has-aspect-ratio\"><div class=\"wp-block-embed__wrapper\">\n<iframe loading=\"lazy\" title=\"\u0130lkyard\u0131m Bilgisi \/ \u015eok, Bay\u0131lma ve Komada \u0130lkyard\u0131m\" width=\"500\" height=\"281\" src=\"https:\/\/www.youtube.com\/embed\/bZw9cqpUh7M?feature=oembed\" frameborder=\"0\" allow=\"accelerometer; autoplay; clipboard-write; encrypted-media; gyroscope; picture-in-picture; web-share\" referrerpolicy=\"strict-origin-when-cross-origin\" allowfullscreen><\/iframe>\n<\/div><\/figure>\n\n\n\n<figure class=\"wp-block-embed is-type-video is-provider-youtube wp-block-embed-youtube wp-embed-aspect-16-9 wp-has-aspect-ratio\"><div class=\"wp-block-embed__wrapper\">\n<iframe loading=\"lazy\" title=\"\u0130lkyard\u0131m Bilgisi \/ Yara ve Yara \u00c7e\u015fitleri\" width=\"500\" height=\"281\" src=\"https:\/\/www.youtube.com\/embed\/ozexMSiBHjU?feature=oembed\" frameborder=\"0\" allow=\"accelerometer; autoplay; clipboard-write; encrypted-media; gyroscope; picture-in-picture; web-share\" referrerpolicy=\"strict-origin-when-cross-origin\" allowfullscreen><\/iframe>\n<\/div><\/figure>\n\n\n\n<figure class=\"wp-block-embed is-type-video is-provider-youtube wp-block-embed-youtube wp-embed-aspect-16-9 wp-has-aspect-ratio\"><div class=\"wp-block-embed__wrapper\">\n<iframe loading=\"lazy\" title=\"\u0130lkyard\u0131m Bilgisi \/ K\u0131r\u0131k, \u00c7\u0131k\u0131k ve Burkulmalar\" width=\"500\" height=\"281\" src=\"https:\/\/www.youtube.com\/embed\/fVAMUhw6ugw?feature=oembed\" frameborder=\"0\" allow=\"accelerometer; autoplay; clipboard-write; encrypted-media; gyroscope; picture-in-picture; web-share\" referrerpolicy=\"strict-origin-when-cross-origin\" allowfullscreen><\/iframe>\n<\/div><\/figure>\n\n\n\n<figure class=\"wp-block-embed is-type-video is-provider-youtube wp-block-embed-youtube wp-embed-aspect-16-9 wp-has-aspect-ratio\"><div class=\"wp-block-embed__wrapper\">\n<iframe loading=\"lazy\" title=\"\u0130kyard\u0131m Bilgisi \/ Bilin\u00e7 Bozukluklar\u0131nda \u0130lkyard\u0131m\" width=\"500\" height=\"281\" src=\"https:\/\/www.youtube.com\/embed\/cB01-h5DIfE?feature=oembed\" frameborder=\"0\" allow=\"accelerometer; autoplay; clipboard-write; encrypted-media; gyroscope; picture-in-picture; web-share\" referrerpolicy=\"strict-origin-when-cross-origin\" allowfullscreen><\/iframe>\n<\/div><\/figure>\n\n\n\n<figure class=\"wp-block-embed is-type-video is-provider-youtube wp-block-embed-youtube wp-embed-aspect-16-9 wp-has-aspect-ratio\"><div class=\"wp-block-embed__wrapper\">\n<iframe loading=\"lazy\" title=\"\u0130lkyard\u0131m Bilgisi \/ Yaral\u0131n\u0131n Ta\u015f\u0131nmaya Haz\u0131rlanmas\u0131 ve Ta\u015f\u0131ma \u015eekilleri\" width=\"500\" height=\"281\" src=\"https:\/\/www.youtube.com\/embed\/W3YZfmFoCHk?feature=oembed\" frameborder=\"0\" allow=\"accelerometer; autoplay; clipboard-write; encrypted-media; gyroscope; picture-in-picture; web-share\" referrerpolicy=\"strict-origin-when-cross-origin\" allowfullscreen><\/iframe>\n<\/div><\/figure>\n\n\n\n<figure class=\"wp-block-embed is-type-video is-provider-youtube wp-block-embed-youtube wp-embed-aspect-16-9 wp-has-aspect-ratio\"><div class=\"wp-block-embed__wrapper\">\n<iframe loading=\"lazy\" title=\"\u0130lkyard\u0131m Bilgisi \/ Yaral\u0131lar\u0131 Ta\u015f\u0131ma Y\u00f6ntemleri\" width=\"500\" height=\"281\" src=\"https:\/\/www.youtube.com\/embed\/qd317JFKz6M?feature=oembed\" frameborder=\"0\" allow=\"accelerometer; autoplay; clipboard-write; encrypted-media; gyroscope; picture-in-picture; web-share\" referrerpolicy=\"strict-origin-when-cross-origin\" allowfullscreen><\/iframe>\n<\/div><\/figure>\n","protected":false},"excerpt":{"rendered":"<p>\u0130lk Yard\u0131m Bilgisi E\u011fitim Videolar\u0131<\/p>\n","protected":false},"author":1,"featured_media":0,"parent":0,"menu_order":0,"comment_status":"closed","ping_status":"closed","template":"","meta":{"footnotes":""},"class_list":["post-607","page","type-page","status-publish","hentry"],"yoast_head":"<!-- This site is optimized with the Yoast SEO plugin v21.7 - https:\/\/yoast.com\/wordpress\/plugins\/seo\/ -->\n<title>\u0130lk Yard\u0131m Bilgisi - Eren S\u00fcr\u00fcc\u00fc Kursu<\/title>\n<meta name=\"robots\" content=\"index, follow, max-snippet:-1, max-image-preview:large, max-video-preview:-1\" \/>\n<link rel=\"canonical\" href=\"https:\/\/erensurucukursu.com.tr\/index.php\/ilk-yardim-bilgisi\/\" \/>\n<meta property=\"og:locale\" content=\"en_US\" \/>\n<meta property=\"og:type\" content=\"article\" \/>\n<meta property=\"og:title\" content=\"\u0130lk Yard\u0131m Bilgisi - Eren S\u00fcr\u00fcc\u00fc Kursu\" \/>\n<meta property=\"og:description\" content=\"\u0130lk Yard\u0131m Bilgisi E\u011fitim Videolar\u0131\" \/>\n<meta property=\"og:url\" content=\"https:\/\/erensurucukursu.com.tr\/index.php\/ilk-yardim-bilgisi\/\" \/>\n<meta property=\"og:site_name\" content=\"Eren S\u00fcr\u00fcc\u00fc Kursu\" \/>\n<meta property=\"article:modified_time\" content=\"2023-12-21T11:42:28+00:00\" \/>\n<meta property=\"og:image\" content=\"https:\/\/erensurucukursu.com.tr\/wp-content\/uploads\/2023\/12\/logo-without-watermark-removebg-preview.png\" \/>\n\t<meta property=\"og:image:width\" content=\"300\" \/>\n\t<meta property=\"og:image:height\" content=\"263\" \/>\n\t<meta property=\"og:image:type\" content=\"image\/png\" \/>\n<meta name=\"twitter:card\" content=\"summary_large_image\" \/>\n<script type=\"application\/ld+json\" class=\"yoast-schema-graph\">{\"@context\":\"https:\/\/schema.org\",\"@graph\":[{\"@type\":\"WebPage\",\"@id\":\"https:\/\/erensurucukursu.com.tr\/index.php\/ilk-yardim-bilgisi\/\",\"url\":\"https:\/\/erensurucukursu.com.tr\/index.php\/ilk-yardim-bilgisi\/\",\"name\":\"\u0130lk Yard\u0131m Bilgisi - Eren S\u00fcr\u00fcc\u00fc Kursu\",\"isPartOf\":{\"@id\":\"https:\/\/erensurucukursu.com.tr\/#website\"},\"datePublished\":\"2023-12-19T13:21:22+00:00\",\"dateModified\":\"2023-12-21T11:42:28+00:00\",\"breadcrumb\":{\"@id\":\"https:\/\/erensurucukursu.com.tr\/index.php\/ilk-yardim-bilgisi\/#breadcrumb\"},\"inLanguage\":\"en-US\",\"potentialAction\":[{\"@type\":\"ReadAction\",\"target\":[\"https:\/\/erensurucukursu.com.tr\/index.php\/ilk-yardim-bilgisi\/\"]}]},{\"@type\":\"BreadcrumbList\",\"@id\":\"https:\/\/erensurucukursu.com.tr\/index.php\/ilk-yardim-bilgisi\/#breadcrumb\",\"itemListElement\":[{\"@type\":\"ListItem\",\"position\":1,\"name\":\"Home\",\"item\":\"https:\/\/erensurucukursu.com.tr\/\"},{\"@type\":\"ListItem\",\"position\":2,\"name\":\"\u0130lk Yard\u0131m Bilgisi\"}]},{\"@type\":\"WebSite\",\"@id\":\"https:\/\/erensurucukursu.com.tr\/#website\",\"url\":\"https:\/\/erensurucukursu.com.tr\/\",\"name\":\"Eren S\u00fcr\u00fcc\u00fc Kursu\",\"description\":\"Ehliyet Yolculu\u011funda Size Arkada\u015f\",\"publisher\":{\"@id\":\"https:\/\/erensurucukursu.com.tr\/#organization\"},\"potentialAction\":[{\"@type\":\"SearchAction\",\"target\":{\"@type\":\"EntryPoint\",\"urlTemplate\":\"https:\/\/erensurucukursu.com.tr\/?s={search_term_string}\"},\"query-input\":\"required name=search_term_string\"}],\"inLanguage\":\"en-US\"},{\"@type\":\"Organization\",\"@id\":\"https:\/\/erensurucukursu.com.tr\/#organization\",\"name\":\"Eren S\u00fcr\u00fcc\u00fc Kursu\",\"url\":\"https:\/\/erensurucukursu.com.tr\/\",\"logo\":{\"@type\":\"ImageObject\",\"inLanguage\":\"en-US\",\"@id\":\"https:\/\/erensurucukursu.com.tr\/#\/schema\/logo\/image\/\",\"url\":\"https:\/\/erensurucukursu.com.tr\/wp-content\/uploads\/2023\/12\/logo-without-watermark.png\",\"contentUrl\":\"https:\/\/erensurucukursu.com.tr\/wp-content\/uploads\/2023\/12\/logo-without-watermark.png\",\"width\":300,\"height\":263,\"caption\":\"Eren S\u00fcr\u00fcc\u00fc Kursu\"},\"image\":{\"@id\":\"https:\/\/erensurucukursu.com.tr\/#\/schema\/logo\/image\/\"},\"sameAs\":[\"https:\/\/www.instagram.com\/uskerenmtsk\/\"]}]}<\/script>\n<!-- \/ Yoast SEO plugin. -->","yoast_head_json":{"title":"\u0130lk Yard\u0131m Bilgisi - Eren S\u00fcr\u00fcc\u00fc Kursu","robots":{"index":"index","follow":"follow","max-snippet":"max-snippet:-1","max-image-preview":"max-image-preview:large","max-video-preview":"max-video-preview:-1"},"canonical":"https:\/\/erensurucukursu.com.tr\/index.php\/ilk-yardim-bilgisi\/","og_locale":"en_US","og_type":"article","og_title":"\u0130lk Yard\u0131m Bilgisi - Eren S\u00fcr\u00fcc\u00fc Kursu","og_description":"\u0130lk Yard\u0131m Bilgisi E\u011fitim Videolar\u0131","og_url":"https:\/\/erensurucukursu.com.tr\/index.php\/ilk-yardim-bilgisi\/","og_site_name":"Eren S\u00fcr\u00fcc\u00fc Kursu","article_modified_time":"2023-12-21T11:42:28+00:00","og_image":[{"width":300,"height":263,"url":"https:\/\/erensurucukursu.com.tr\/wp-content\/uploads\/2023\/12\/logo-without-watermark-removebg-preview.png","type":"image\/png"}],"twitter_card":"summary_large_image","schema":{"@context":"https:\/\/schema.org","@graph":[{"@type":"WebPage","@id":"https:\/\/erensurucukursu.com.tr\/index.php\/ilk-yardim-bilgisi\/","url":"https:\/\/erensurucukursu.com.tr\/index.php\/ilk-yardim-bilgisi\/","name":"\u0130lk Yard\u0131m Bilgisi - Eren S\u00fcr\u00fcc\u00fc Kursu","isPartOf":{"@id":"https:\/\/erensurucukursu.com.tr\/#website"},"datePublished":"2023-12-19T13:21:22+00:00","dateModified":"2023-12-21T11:42:28+00:00","breadcrumb":{"@id":"https:\/\/erensurucukursu.com.tr\/index.php\/ilk-yardim-bilgisi\/#breadcrumb"},"inLanguage":"en-US","potentialAction":[{"@type":"ReadAction","target":["https:\/\/erensurucukursu.com.tr\/index.php\/ilk-yardim-bilgisi\/"]}]},{"@type":"BreadcrumbList","@id":"https:\/\/erensurucukursu.com.tr\/index.php\/ilk-yardim-bilgisi\/#breadcrumb","itemListElement":[{"@type":"ListItem","position":1,"name":"Home","item":"https:\/\/erensurucukursu.com.tr\/"},{"@type":"ListItem","position":2,"name":"\u0130lk Yard\u0131m Bilgisi"}]},{"@type":"WebSite","@id":"https:\/\/erensurucukursu.com.tr\/#website","url":"https:\/\/erensurucukursu.com.tr\/","name":"Eren S\u00fcr\u00fcc\u00fc Kursu","description":"Ehliyet Yolculu\u011funda Size Arkada\u015f","publisher":{"@id":"https:\/\/erensurucukursu.com.tr\/#organization"},"potentialAction":[{"@type":"SearchAction","target":{"@type":"EntryPoint","urlTemplate":"https:\/\/erensurucukursu.com.tr\/?s={search_term_string}"},"query-input":"required name=search_term_string"}],"inLanguage":"en-US"},{"@type":"Organization","@id":"https:\/\/erensurucukursu.com.tr\/#organization","name":"Eren S\u00fcr\u00fcc\u00fc Kursu","url":"https:\/\/erensurucukursu.com.tr\/","logo":{"@type":"ImageObject","inLanguage":"en-US","@id":"https:\/\/erensurucukursu.com.tr\/#\/schema\/logo\/image\/","url":"https:\/\/erensurucukursu.com.tr\/wp-content\/uploads\/2023\/12\/logo-without-watermark.png","contentUrl":"https:\/\/erensurucukursu.com.tr\/wp-content\/uploads\/2023\/12\/logo-without-watermark.png","width":300,"height":263,"caption":"Eren S\u00fcr\u00fcc\u00fc Kursu"},"image":{"@id":"https:\/\/erensurucukursu.com.tr\/#\/schema\/logo\/image\/"},"sameAs":["https:\/\/www.instagram.com\/uskerenmtsk\/"]}]}},"jetpack_sharing_enabled":true,"_links":{"self":[{"href":"https:\/\/erensurucukursu.com.tr\/index.php\/wp-json\/wp\/v2\/pages\/607","targetHints":{"allow":["GET"]}}],"collection":[{"href":"https:\/\/erensurucukursu.com.tr\/index.php\/wp-json\/wp\/v2\/pages"}],"about":[{"href":"https:\/\/erensurucukursu.com.tr\/index.php\/wp-json\/wp\/v2\/types\/page"}],"author":[{"embeddable":true,"href":"https:\/\/erensurucukursu.com.tr\/index.php\/wp-json\/wp\/v2\/users\/1"}],"replies":[{"embeddable":true,"href":"https:\/\/erensurucukursu.com.tr\/index.php\/wp-json\/wp\/v2\/comments?post=607"}],"version-history":[{"count":2,"href":"https:\/\/erensurucukursu.com.tr\/index.php\/wp-json\/wp\/v2\/pages\/607\/revisions"}],"predecessor-version":[{"id":647,"href":"https:\/\/erensurucukursu.com.tr\/index.php\/wp-json\/wp\/v2\/pages\/607\/revisions\/647"}],"wp:attachment":[{"href":"https:\/\/erensurucukursu.com.tr\/index.php\/wp-json\/wp\/v2\/media?parent=607"}],"curies":[{"name":"wp","href":"https:\/\/api.w.org\/{rel}","templated":true}]}}