{"id":619,"date":"2023-12-19T17:00:07","date_gmt":"2023-12-19T14:00:07","guid":{"rendered":"https:\/\/erensurucukursu.com.tr\/?page_id=619"},"modified":"2023-12-19T17:12:15","modified_gmt":"2023-12-19T14:12:15","slug":"ulastirma-belgeleri","status":"publish","type":"page","link":"https:\/\/erensurucukursu.com.tr\/index.php\/ulastirma-belgeleri\/","title":{"rendered":"SRC Belgeleri"},"content":{"rendered":"\n<h1 class=\"wp-block-heading has-medium-font-size\">SRC Belge S\u0131n\u0131flar\u0131:<\/h1>\n\n\n\n<ul class=\"has-x-small-font-size wp-block-list\">\n<li><strong>SRC 1:<\/strong>&nbsp;Uluslararas\u0131 Yolcu Ta\u015f\u0131mac\u0131l\u0131\u011f\u0131<\/li>\n\n\n\n<li><strong>SRC 2:<\/strong>&nbsp;Yurti\u00e7i Yolcu Ta\u015f\u0131mac\u0131l\u0131\u011f\u0131<\/li>\n\n\n\n<li><strong>SRC 3:<\/strong>&nbsp;Uluslararas\u0131 E\u015fya-Kargo Ta\u015f\u0131mac\u0131l\u0131\u011f\u0131<\/li>\n\n\n\n<li><strong>SRC 4:<\/strong>&nbsp;Yurti\u00e7i E\u015fya-Kargo Ta\u015f\u0131mac\u0131l\u0131\u011f\u0131<\/li>\n\n\n\n<li><strong>SRC 5:<\/strong>&nbsp;Tehlikeli Madde Ta\u015f\u0131mac\u0131l\u0131\u011f\u0131<\/li>\n<\/ul>\n\n\n\n<p class=\"has-small-font-size\">4925 say\u0131l\u0131 Karayolu Ta\u015f\u0131ma Kanunu ve Karayolu Ta\u015f\u0131ma Y\u00f6netmeli\u011fi kapsam\u0131nda faaliyet g\u00f6steren veya g\u00f6sterecek olan t\u00fcm s\u00fcr\u00fcc\u00fclerin almas\u0131 zorunlu olan belgedir.<\/p>\n\n\n\n<p class=\"has-small-font-size\"><strong>Karayolu Ta\u015f\u0131ma Y\u00f6netmeli\u011fi 36-d maddesine g\u00f6re;<\/strong><\/p>\n\n\n\n<p class=\"has-small-font-size\"><strong>\u015eof\u00f6rlerde aranacak nitelik ve \u015fartlar<\/strong><\/p>\n\n\n\n<p class=\"has-small-font-size\"><strong>MADDE 36 \u2013 (1)<\/strong>&nbsp;Bu Y\u00f6netmelik kapsam\u0131ndaki faaliyetlerde \u00e7al\u0131\u015fan\/\u00e7al\u0131\u015ft\u0131r\u0131lan \u015fof\u00f6rlerin;<\/p>\n\n\n\n<ul class=\"has-x-small-font-size wp-block-list\">\n<li>a) Ta\u015f\u0131t\u0131n niteli\u011fine uygun s\u00fcr\u00fcc\u00fc belgesine sahip olmalar\u0131,<\/li>\n\n\n\n<li>b) \u0130lgili mevzuat\u0131n \u00f6ng\u00f6rd\u00fc\u011f\u00fc mesleki yeterlilik belgesine sahip olmalar\u0131,<\/li>\n\n\n\n<li>c) B\u00fcy\u00fck otob\u00fcs kullananlar\u0131n\u0131n 26 ya\u015f\u0131ndan g\u00fcn alm\u0131\u015f olmalar\u0131<\/li>\n\n\n\n<li>\u00e7) 63 ya\u015f\u0131ndan g\u00fcn almam\u0131\u015f olmalar\u0131,<\/li>\n\n\n\n<li>d) \u015eof\u00f6rl\u00fck mesle\u011fi bak\u0131m\u0131ndan bedeni ve psikoteknik a\u00e7\u0131dan sa\u011fl\u0131kl\u0131 olduklar\u0131n\u0131 g\u00f6steren bir sa\u011fl\u0131k raporunu yetkili sa\u011fl\u0131k kurulu\u015flar\u0131ndan her be\u015f y\u0131lda bir almalar\u0131,<\/li>\n\n\n\n<li>e) Tehlikeli madde ta\u015f\u0131yan ta\u015f\u0131tlar\u0131 kullananlar\u0131n\u0131n, ilgili mevzuat\u0131n \u00f6ng\u00f6rd\u00fc\u011f\u00fc e\u011fitimi ald\u0131\u011f\u0131n\u0131 g\u00f6steren belgeye sahip olmalar\u0131,<\/li>\n\n\n\n<li>f) Uyu\u015fturucu, silah, insan ve g\u00fcmr\u00fck ka\u00e7ak\u00e7\u0131l\u0131\u011f\u0131 ile ter\u00f6r su\u00e7lar\u0131ndan dolay\u0131 h\u00fcrriyeti ba\u011flay\u0131c\u0131 ceza almam\u0131\u015f olmalar\u0131,<br>\u015fartt\u0131r.<\/li>\n<\/ul>\n\n\n\n<p class=\"has-small-font-size\"><em>(2) D3 veya K2 yetki belgesi alan ve tek ara\u00e7 sahibi olan ger\u00e7ek ki\u015filerin kendi adlar\u0131na tescil edilmi\u015f ta\u015f\u0131t\u0131 bizzat kendilerinin s\u00fcr\u00fcc\u00fc olarak kullanmalar\u0131 halinde; bu ki\u015filerden birinci f\u0131kran\u0131n (b), (c), (\u00e7) ve (d) bentlerindeki \u015fartlar aranmaz.<\/em><\/p>\n","protected":false},"excerpt":{"rendered":"<p>SRC Belge S\u0131n\u0131flar\u0131: 4925 say\u0131l\u0131 Karayolu Ta\u015f\u0131ma Kanunu ve Karayolu Ta\u015f\u0131ma Y\u00f6netmeli\u011fi kapsam\u0131nda faaliyet g\u00f6steren veya g\u00f6sterecek olan t\u00fcm s\u00fcr\u00fcc\u00fclerin almas\u0131 zorunlu olan belgedir. Karayolu Ta\u015f\u0131ma Y\u00f6netmeli\u011fi 36-d maddesine g\u00f6re; \u015eof\u00f6rlerde aranacak nitelik ve \u015fartlar MADDE 36 \u2013 (1)&nbsp;Bu Y\u00f6netmelik kapsam\u0131ndaki faaliyetlerde \u00e7al\u0131\u015fan\/\u00e7al\u0131\u015ft\u0131r\u0131lan \u015fof\u00f6rlerin; (2) D3 veya K2 yetki belgesi alan ve tek ara\u00e7 sahibi [&hellip;]<\/p>\n","protected":false},"author":1,"featured_media":622,"parent":0,"menu_order":0,"comment_status":"closed","ping_status":"closed","template":"page-with-sidebar","meta":{"footnotes":""},"class_list":["post-619","page","type-page","status-publish","has-post-thumbnail","hentry"],"yoast_head":"<!-- This site is optimized with the Yoast SEO plugin v21.7 - https:\/\/yoast.com\/wordpress\/plugins\/seo\/ -->\n<title>SRC Belgeleri - Eren S\u00fcr\u00fcc\u00fc Kursu<\/title>\n<meta name=\"robots\" content=\"index, follow, max-snippet:-1, max-image-preview:large, max-video-preview:-1\" \/>\n<link rel=\"canonical\" href=\"https:\/\/erensurucukursu.com.tr\/index.php\/ulastirma-belgeleri\/\" \/>\n<meta property=\"og:locale\" content=\"en_US\" \/>\n<meta property=\"og:type\" content=\"article\" \/>\n<meta property=\"og:title\" content=\"SRC Belgeleri - Eren S\u00fcr\u00fcc\u00fc Kursu\" \/>\n<meta property=\"og:description\" content=\"SRC Belge S\u0131n\u0131flar\u0131: 4925 say\u0131l\u0131 Karayolu Ta\u015f\u0131ma Kanunu ve Karayolu Ta\u015f\u0131ma Y\u00f6netmeli\u011fi kapsam\u0131nda faaliyet g\u00f6steren veya g\u00f6sterecek olan t\u00fcm s\u00fcr\u00fcc\u00fclerin almas\u0131 zorunlu olan belgedir. Karayolu Ta\u015f\u0131ma Y\u00f6netmeli\u011fi 36-d maddesine g\u00f6re; \u015eof\u00f6rlerde aranacak nitelik ve \u015fartlar MADDE 36 \u2013 (1)&nbsp;Bu Y\u00f6netmelik kapsam\u0131ndaki faaliyetlerde \u00e7al\u0131\u015fan\/\u00e7al\u0131\u015ft\u0131r\u0131lan \u015fof\u00f6rlerin; (2) D3 veya K2 yetki belgesi alan ve tek ara\u00e7 sahibi [&hellip;]\" \/>\n<meta property=\"og:url\" content=\"https:\/\/erensurucukursu.com.tr\/index.php\/ulastirma-belgeleri\/\" \/>\n<meta property=\"og:site_name\" content=\"Eren S\u00fcr\u00fcc\u00fc Kursu\" \/>\n<meta property=\"article:modified_time\" content=\"2023-12-19T14:12:15+00:00\" \/>\n<meta property=\"og:image\" content=\"https:\/\/erensurucukursu.com.tr\/wp-content\/uploads\/2023\/12\/src-belgesi-194653917.png\" \/>\n\t<meta property=\"og:image:width\" content=\"1240\" \/>\n\t<meta property=\"og:image:height\" content=\"630\" \/>\n\t<meta property=\"og:image:type\" content=\"image\/png\" \/>\n<meta name=\"twitter:card\" content=\"summary_large_image\" \/>\n<meta name=\"twitter:label1\" content=\"Est. reading time\" \/>\n\t<meta name=\"twitter:data1\" content=\"1 minute\" \/>\n<script type=\"application\/ld+json\" class=\"yoast-schema-graph\">{\"@context\":\"https:\/\/schema.org\",\"@graph\":[{\"@type\":\"WebPage\",\"@id\":\"https:\/\/erensurucukursu.com.tr\/index.php\/ulastirma-belgeleri\/\",\"url\":\"https:\/\/erensurucukursu.com.tr\/index.php\/ulastirma-belgeleri\/\",\"name\":\"SRC Belgeleri - Eren S\u00fcr\u00fcc\u00fc Kursu\",\"isPartOf\":{\"@id\":\"https:\/\/erensurucukursu.com.tr\/#website\"},\"datePublished\":\"2023-12-19T14:00:07+00:00\",\"dateModified\":\"2023-12-19T14:12:15+00:00\",\"breadcrumb\":{\"@id\":\"https:\/\/erensurucukursu.com.tr\/index.php\/ulastirma-belgeleri\/#breadcrumb\"},\"inLanguage\":\"en-US\",\"potentialAction\":[{\"@type\":\"ReadAction\",\"target\":[\"https:\/\/erensurucukursu.com.tr\/index.php\/ulastirma-belgeleri\/\"]}]},{\"@type\":\"BreadcrumbList\",\"@id\":\"https:\/\/erensurucukursu.com.tr\/index.php\/ulastirma-belgeleri\/#breadcrumb\",\"itemListElement\":[{\"@type\":\"ListItem\",\"position\":1,\"name\":\"Home\",\"item\":\"https:\/\/erensurucukursu.com.tr\/\"},{\"@type\":\"ListItem\",\"position\":2,\"name\":\"SRC Belgeleri\"}]},{\"@type\":\"WebSite\",\"@id\":\"https:\/\/erensurucukursu.com.tr\/#website\",\"url\":\"https:\/\/erensurucukursu.com.tr\/\",\"name\":\"Eren S\u00fcr\u00fcc\u00fc Kursu\",\"description\":\"Ehliyet Yolculu\u011funda Size Arkada\u015f\",\"publisher\":{\"@id\":\"https:\/\/erensurucukursu.com.tr\/#organization\"},\"potentialAction\":[{\"@type\":\"SearchAction\",\"target\":{\"@type\":\"EntryPoint\",\"urlTemplate\":\"https:\/\/erensurucukursu.com.tr\/?s={search_term_string}\"},\"query-input\":\"required name=search_term_string\"}],\"inLanguage\":\"en-US\"},{\"@type\":\"Organization\",\"@id\":\"https:\/\/erensurucukursu.com.tr\/#organization\",\"name\":\"Eren S\u00fcr\u00fcc\u00fc Kursu\",\"url\":\"https:\/\/erensurucukursu.com.tr\/\",\"logo\":{\"@type\":\"ImageObject\",\"inLanguage\":\"en-US\",\"@id\":\"https:\/\/erensurucukursu.com.tr\/#\/schema\/logo\/image\/\",\"url\":\"https:\/\/erensurucukursu.com.tr\/wp-content\/uploads\/2023\/12\/logo-without-watermark.png\",\"contentUrl\":\"https:\/\/erensurucukursu.com.tr\/wp-content\/uploads\/2023\/12\/logo-without-watermark.png\",\"width\":300,\"height\":263,\"caption\":\"Eren S\u00fcr\u00fcc\u00fc Kursu\"},\"image\":{\"@id\":\"https:\/\/erensurucukursu.com.tr\/#\/schema\/logo\/image\/\"},\"sameAs\":[\"https:\/\/www.instagram.com\/uskerenmtsk\/\"]}]}<\/script>\n<!-- \/ Yoast SEO plugin. -->","yoast_head_json":{"title":"SRC Belgeleri - Eren S\u00fcr\u00fcc\u00fc Kursu","robots":{"index":"index","follow":"follow","max-snippet":"max-snippet:-1","max-image-preview":"max-image-preview:large","max-video-preview":"max-video-preview:-1"},"canonical":"https:\/\/erensurucukursu.com.tr\/index.php\/ulastirma-belgeleri\/","og_locale":"en_US","og_type":"article","og_title":"SRC Belgeleri - Eren S\u00fcr\u00fcc\u00fc Kursu","og_description":"SRC Belge S\u0131n\u0131flar\u0131: 4925 say\u0131l\u0131 Karayolu Ta\u015f\u0131ma Kanunu ve Karayolu Ta\u015f\u0131ma Y\u00f6netmeli\u011fi kapsam\u0131nda faaliyet g\u00f6steren veya g\u00f6sterecek olan t\u00fcm s\u00fcr\u00fcc\u00fclerin almas\u0131 zorunlu olan belgedir. Karayolu Ta\u015f\u0131ma Y\u00f6netmeli\u011fi 36-d maddesine g\u00f6re; \u015eof\u00f6rlerde aranacak nitelik ve \u015fartlar MADDE 36 \u2013 (1)&nbsp;Bu Y\u00f6netmelik kapsam\u0131ndaki faaliyetlerde \u00e7al\u0131\u015fan\/\u00e7al\u0131\u015ft\u0131r\u0131lan \u015fof\u00f6rlerin; (2) D3 veya K2 yetki belgesi alan ve tek ara\u00e7 sahibi [&hellip;]","og_url":"https:\/\/erensurucukursu.com.tr\/index.php\/ulastirma-belgeleri\/","og_site_name":"Eren S\u00fcr\u00fcc\u00fc Kursu","article_modified_time":"2023-12-19T14:12:15+00:00","og_image":[{"width":1240,"height":630,"url":"https:\/\/erensurucukursu.com.tr\/wp-content\/uploads\/2023\/12\/src-belgesi-194653917.png","type":"image\/png"}],"twitter_card":"summary_large_image","twitter_misc":{"Est. reading time":"1 minute"},"schema":{"@context":"https:\/\/schema.org","@graph":[{"@type":"WebPage","@id":"https:\/\/erensurucukursu.com.tr\/index.php\/ulastirma-belgeleri\/","url":"https:\/\/erensurucukursu.com.tr\/index.php\/ulastirma-belgeleri\/","name":"SRC Belgeleri - Eren S\u00fcr\u00fcc\u00fc Kursu","isPartOf":{"@id":"https:\/\/erensurucukursu.com.tr\/#website"},"datePublished":"2023-12-19T14:00:07+00:00","dateModified":"2023-12-19T14:12:15+00:00","breadcrumb":{"@id":"https:\/\/erensurucukursu.com.tr\/index.php\/ulastirma-belgeleri\/#breadcrumb"},"inLanguage":"en-US","potentialAction":[{"@type":"ReadAction","target":["https:\/\/erensurucukursu.com.tr\/index.php\/ulastirma-belgeleri\/"]}]},{"@type":"BreadcrumbList","@id":"https:\/\/erensurucukursu.com.tr\/index.php\/ulastirma-belgeleri\/#breadcrumb","itemListElement":[{"@type":"ListItem","position":1,"name":"Home","item":"https:\/\/erensurucukursu.com.tr\/"},{"@type":"ListItem","position":2,"name":"SRC Belgeleri"}]},{"@type":"WebSite","@id":"https:\/\/erensurucukursu.com.tr\/#website","url":"https:\/\/erensurucukursu.com.tr\/","name":"Eren S\u00fcr\u00fcc\u00fc Kursu","description":"Ehliyet Yolculu\u011funda Size Arkada\u015f","publisher":{"@id":"https:\/\/erensurucukursu.com.tr\/#organization"},"potentialAction":[{"@type":"SearchAction","target":{"@type":"EntryPoint","urlTemplate":"https:\/\/erensurucukursu.com.tr\/?s={search_term_string}"},"query-input":"required name=search_term_string"}],"inLanguage":"en-US"},{"@type":"Organization","@id":"https:\/\/erensurucukursu.com.tr\/#organization","name":"Eren S\u00fcr\u00fcc\u00fc Kursu","url":"https:\/\/erensurucukursu.com.tr\/","logo":{"@type":"ImageObject","inLanguage":"en-US","@id":"https:\/\/erensurucukursu.com.tr\/#\/schema\/logo\/image\/","url":"https:\/\/erensurucukursu.com.tr\/wp-content\/uploads\/2023\/12\/logo-without-watermark.png","contentUrl":"https:\/\/erensurucukursu.com.tr\/wp-content\/uploads\/2023\/12\/logo-without-watermark.png","width":300,"height":263,"caption":"Eren S\u00fcr\u00fcc\u00fc Kursu"},"image":{"@id":"https:\/\/erensurucukursu.com.tr\/#\/schema\/logo\/image\/"},"sameAs":["https:\/\/www.instagram.com\/uskerenmtsk\/"]}]}},"jetpack_sharing_enabled":true,"_links":{"self":[{"href":"https:\/\/erensurucukursu.com.tr\/index.php\/wp-json\/wp\/v2\/pages\/619","targetHints":{"allow":["GET"]}}],"collection":[{"href":"https:\/\/erensurucukursu.com.tr\/index.php\/wp-json\/wp\/v2\/pages"}],"about":[{"href":"https:\/\/erensurucukursu.com.tr\/index.php\/wp-json\/wp\/v2\/types\/page"}],"author":[{"embeddable":true,"href":"https:\/\/erensurucukursu.com.tr\/index.php\/wp-json\/wp\/v2\/users\/1"}],"replies":[{"embeddable":true,"href":"https:\/\/erensurucukursu.com.tr\/index.php\/wp-json\/wp\/v2\/comments?post=619"}],"version-history":[{"count":2,"href":"https:\/\/erensurucukursu.com.tr\/index.php\/wp-json\/wp\/v2\/pages\/619\/revisions"}],"predecessor-version":[{"id":623,"href":"https:\/\/erensurucukursu.com.tr\/index.php\/wp-json\/wp\/v2\/pages\/619\/revisions\/623"}],"wp:featuredmedia":[{"embeddable":true,"href":"https:\/\/erensurucukursu.com.tr\/index.php\/wp-json\/wp\/v2\/media\/622"}],"wp:attachment":[{"href":"https:\/\/erensurucukursu.com.tr\/index.php\/wp-json\/wp\/v2\/media?parent=619"}],"curies":[{"name":"wp","href":"https:\/\/api.w.org\/{rel}","templated":true}]}}