{"id":625,"date":"2023-12-19T17:13:40","date_gmt":"2023-12-19T14:13:40","guid":{"rendered":"https:\/\/erensurucukursu.com.tr\/?page_id=625"},"modified":"2023-12-19T17:13:40","modified_gmt":"2023-12-19T14:13:40","slug":"ody-belgeleri","status":"publish","type":"page","link":"https:\/\/erensurucukursu.com.tr\/index.php\/ody-belgeleri\/","title":{"rendered":"ODY Belgeleri"},"content":{"rendered":"\n<p class=\"has-small-font-size\">Karayolu Ta\u015f\u0131ma Y\u00f6netmeli\u011fi kapsam\u0131nda faaliyet g\u00f6steren bir ger\u00e7ek veya t\u00fczel ki\u015fili\u011fin veya buna ait ba\u011f\u0131ms\u0131z bir birimin ta\u015f\u0131mac\u0131l\u0131k faaliyetlerini s\u00fcrekli ve etkin bir \u015fekilde sevk ve idare eden m\u00fcd\u00fcr, \u015fef, uzman, operasyon y\u00f6neticisi ve benzeri unvanlala g\u00f6rev yapan ki\u015filerin almas\u0131 gereken belgedir. En Az Orta Okul Mezunu olman\u0131z ODY alman\u0131zda yeterlidir.<\/p>\n\n\n\n<ul class=\"has-x-small-font-size wp-block-list\">\n<li><strong>Ody 1 Belgesi:<\/strong>&nbsp;Uluslararas\u0131 Yolcu Ta\u015f\u0131mac\u0131l\u0131\u011f\u0131<\/li>\n\n\n\n<li><strong>Ody 2 Belgesi:&nbsp;<\/strong>Yurti\u00e7i Yolcu Ta\u015f\u0131mac\u0131l\u0131\u011f\u0131<\/li>\n\n\n\n<li><strong>Ody 3 Belgesi:<\/strong>&nbsp;Uluslararas\u0131 E\u015fya-Y\u00fck Ta\u015f\u0131mac\u0131l\u0131\u011f\u0131<\/li>\n\n\n\n<li><strong>Ody 4 Belgesi:&nbsp;<\/strong>Yurti\u00e7i E\u015fya-Y\u00fck Ta\u015f\u0131mac\u0131l\u0131\u011f\u0131<\/li>\n<\/ul>\n\n\n\n<h3 class=\"wp-block-heading has-small-font-size\"><strong>Muafiyet \u0130\u00e7in \u0130stenen Evraklar<\/strong><\/h3>\n\n\n\n<ul class=\"has-x-small-font-size wp-block-list\">\n<li>Faaliyet alan\u0131na g\u00f6re(uluslararas\u0131 e\u015fya\/yolcu veya yurti\u00e7i e\u015fya\/yolcu) ODY t\u00fcr\u00fc mesleki yeterlilik belgesi almak iste\u011fini belirten bir dilek\u00e7e,<\/li>\n\n\n\n<li>Ba\u015fvuru sahibinin kurucu ortak, ortak, y\u00f6netim kurulu ba\u015fkan\u0131, y\u00f6netim kurulu \u00fcyesi veya genel m\u00fcd\u00fcr unvanlar\u0131ndan birisiyle g\u00f6revli veya temsil ve\/veya ilzama yetkili ki\u015fi oldu\u011funun belirtildi\u011fi ve ad\u0131n\u0131n ge\u00e7ti\u011fi 25 \u015eubat 2006 tarihinden \u00f6nceki 3 y\u0131ll\u0131k d\u00f6neme ait ticaret sicil gazetelerinin onayl\u0131 \u00f6rne\u011fi,<\/li>\n\n\n\n<li>S\u00f6z konusu firma\/firmalarda \u00e7al\u0131\u015ft\u0131\u011f\u0131 d\u00f6neme ait Sosyal G\u00fcvenlik Kurumundan al\u0131nan belge,<\/li>\n\n\n\n<li>T.C. Kimlik Numaras\u0131n\u0131n yaz\u0131l\u0131 oldu\u011fu N\u00fcfus C\u00fczdan\u0131 fotokopisi,<\/li>\n\n\n\n<li>4 x 6 ebad\u0131nda vesikal\u0131k 2 Adet foto\u011fraf,<\/li>\n\n\n\n<li>Belge \u00fccretinin \u00f6dendi\u011fini g\u00f6sterir banka dekontu,<\/li>\n<\/ul>\n\n\n\n<h3 class=\"wp-block-heading has-small-font-size\"><strong>\u0130stenen Evraklar;<\/strong><\/h3>\n\n\n\n<ul class=\"has-x-small-font-size wp-block-list\">\n<li>N\u00fcfus C\u00fczdan\u0131 Fotokopisi<\/li>\n\n\n\n<li>Diploma Fotokopisi<\/li>\n\n\n\n<li>2 adet biyometrik foto\u011fraf<\/li>\n<\/ul>\n","protected":false},"excerpt":{"rendered":"<p>Karayolu Ta\u015f\u0131ma Y\u00f6netmeli\u011fi kapsam\u0131nda faaliyet g\u00f6steren bir ger\u00e7ek veya t\u00fczel ki\u015fili\u011fin veya buna ait ba\u011f\u0131ms\u0131z bir birimin ta\u015f\u0131mac\u0131l\u0131k faaliyetlerini s\u00fcrekli ve etkin bir \u015fekilde sevk ve idare eden m\u00fcd\u00fcr, \u015fef, uzman, operasyon y\u00f6neticisi ve benzeri unvanlala g\u00f6rev yapan ki\u015filerin almas\u0131 gereken belgedir. En Az Orta Okul Mezunu olman\u0131z ODY alman\u0131zda yeterlidir. Muafiyet \u0130\u00e7in \u0130stenen Evraklar [&hellip;]<\/p>\n","protected":false},"author":1,"featured_media":0,"parent":0,"menu_order":0,"comment_status":"closed","ping_status":"closed","template":"page-with-sidebar","meta":{"footnotes":""},"class_list":["post-625","page","type-page","status-publish","hentry"],"yoast_head":"<!-- This site is optimized with the Yoast SEO plugin v21.7 - https:\/\/yoast.com\/wordpress\/plugins\/seo\/ -->\n<title>ODY Belgeleri - Eren S\u00fcr\u00fcc\u00fc Kursu<\/title>\n<meta name=\"robots\" content=\"index, follow, max-snippet:-1, max-image-preview:large, max-video-preview:-1\" \/>\n<link rel=\"canonical\" href=\"https:\/\/erensurucukursu.com.tr\/index.php\/ody-belgeleri\/\" \/>\n<meta property=\"og:locale\" content=\"en_US\" \/>\n<meta property=\"og:type\" content=\"article\" \/>\n<meta property=\"og:title\" content=\"ODY Belgeleri - Eren S\u00fcr\u00fcc\u00fc Kursu\" \/>\n<meta property=\"og:description\" content=\"Karayolu Ta\u015f\u0131ma Y\u00f6netmeli\u011fi kapsam\u0131nda faaliyet g\u00f6steren bir ger\u00e7ek veya t\u00fczel ki\u015fili\u011fin veya buna ait ba\u011f\u0131ms\u0131z bir birimin ta\u015f\u0131mac\u0131l\u0131k faaliyetlerini s\u00fcrekli ve etkin bir \u015fekilde sevk ve idare eden m\u00fcd\u00fcr, \u015fef, uzman, operasyon y\u00f6neticisi ve benzeri unvanlala g\u00f6rev yapan ki\u015filerin almas\u0131 gereken belgedir. En Az Orta Okul Mezunu olman\u0131z ODY alman\u0131zda yeterlidir. Muafiyet \u0130\u00e7in \u0130stenen Evraklar [&hellip;]\" \/>\n<meta property=\"og:url\" content=\"https:\/\/erensurucukursu.com.tr\/index.php\/ody-belgeleri\/\" \/>\n<meta property=\"og:site_name\" content=\"Eren S\u00fcr\u00fcc\u00fc Kursu\" \/>\n<meta property=\"og:image\" content=\"https:\/\/erensurucukursu.com.tr\/wp-content\/uploads\/2023\/12\/logo-without-watermark-removebg-preview.png\" \/>\n\t<meta property=\"og:image:width\" content=\"300\" \/>\n\t<meta property=\"og:image:height\" content=\"263\" \/>\n\t<meta property=\"og:image:type\" content=\"image\/png\" \/>\n<meta name=\"twitter:card\" content=\"summary_large_image\" \/>\n<meta name=\"twitter:label1\" content=\"Est. reading time\" \/>\n\t<meta name=\"twitter:data1\" content=\"1 minute\" \/>\n<script type=\"application\/ld+json\" class=\"yoast-schema-graph\">{\"@context\":\"https:\/\/schema.org\",\"@graph\":[{\"@type\":\"WebPage\",\"@id\":\"https:\/\/erensurucukursu.com.tr\/index.php\/ody-belgeleri\/\",\"url\":\"https:\/\/erensurucukursu.com.tr\/index.php\/ody-belgeleri\/\",\"name\":\"ODY Belgeleri - Eren S\u00fcr\u00fcc\u00fc Kursu\",\"isPartOf\":{\"@id\":\"https:\/\/erensurucukursu.com.tr\/#website\"},\"datePublished\":\"2023-12-19T14:13:40+00:00\",\"dateModified\":\"2023-12-19T14:13:40+00:00\",\"breadcrumb\":{\"@id\":\"https:\/\/erensurucukursu.com.tr\/index.php\/ody-belgeleri\/#breadcrumb\"},\"inLanguage\":\"en-US\",\"potentialAction\":[{\"@type\":\"ReadAction\",\"target\":[\"https:\/\/erensurucukursu.com.tr\/index.php\/ody-belgeleri\/\"]}]},{\"@type\":\"BreadcrumbList\",\"@id\":\"https:\/\/erensurucukursu.com.tr\/index.php\/ody-belgeleri\/#breadcrumb\",\"itemListElement\":[{\"@type\":\"ListItem\",\"position\":1,\"name\":\"Home\",\"item\":\"https:\/\/erensurucukursu.com.tr\/\"},{\"@type\":\"ListItem\",\"position\":2,\"name\":\"ODY Belgeleri\"}]},{\"@type\":\"WebSite\",\"@id\":\"https:\/\/erensurucukursu.com.tr\/#website\",\"url\":\"https:\/\/erensurucukursu.com.tr\/\",\"name\":\"Eren S\u00fcr\u00fcc\u00fc Kursu\",\"description\":\"Ehliyet Yolculu\u011funda Size Arkada\u015f\",\"publisher\":{\"@id\":\"https:\/\/erensurucukursu.com.tr\/#organization\"},\"potentialAction\":[{\"@type\":\"SearchAction\",\"target\":{\"@type\":\"EntryPoint\",\"urlTemplate\":\"https:\/\/erensurucukursu.com.tr\/?s={search_term_string}\"},\"query-input\":\"required name=search_term_string\"}],\"inLanguage\":\"en-US\"},{\"@type\":\"Organization\",\"@id\":\"https:\/\/erensurucukursu.com.tr\/#organization\",\"name\":\"Eren S\u00fcr\u00fcc\u00fc Kursu\",\"url\":\"https:\/\/erensurucukursu.com.tr\/\",\"logo\":{\"@type\":\"ImageObject\",\"inLanguage\":\"en-US\",\"@id\":\"https:\/\/erensurucukursu.com.tr\/#\/schema\/logo\/image\/\",\"url\":\"https:\/\/erensurucukursu.com.tr\/wp-content\/uploads\/2023\/12\/logo-without-watermark.png\",\"contentUrl\":\"https:\/\/erensurucukursu.com.tr\/wp-content\/uploads\/2023\/12\/logo-without-watermark.png\",\"width\":300,\"height\":263,\"caption\":\"Eren S\u00fcr\u00fcc\u00fc Kursu\"},\"image\":{\"@id\":\"https:\/\/erensurucukursu.com.tr\/#\/schema\/logo\/image\/\"},\"sameAs\":[\"https:\/\/www.instagram.com\/uskerenmtsk\/\"]}]}<\/script>\n<!-- \/ Yoast SEO plugin. -->","yoast_head_json":{"title":"ODY Belgeleri - Eren S\u00fcr\u00fcc\u00fc Kursu","robots":{"index":"index","follow":"follow","max-snippet":"max-snippet:-1","max-image-preview":"max-image-preview:large","max-video-preview":"max-video-preview:-1"},"canonical":"https:\/\/erensurucukursu.com.tr\/index.php\/ody-belgeleri\/","og_locale":"en_US","og_type":"article","og_title":"ODY Belgeleri - Eren S\u00fcr\u00fcc\u00fc Kursu","og_description":"Karayolu Ta\u015f\u0131ma Y\u00f6netmeli\u011fi kapsam\u0131nda faaliyet g\u00f6steren bir ger\u00e7ek veya t\u00fczel ki\u015fili\u011fin veya buna ait ba\u011f\u0131ms\u0131z bir birimin ta\u015f\u0131mac\u0131l\u0131k faaliyetlerini s\u00fcrekli ve etkin bir \u015fekilde sevk ve idare eden m\u00fcd\u00fcr, \u015fef, uzman, operasyon y\u00f6neticisi ve benzeri unvanlala g\u00f6rev yapan ki\u015filerin almas\u0131 gereken belgedir. En Az Orta Okul Mezunu olman\u0131z ODY alman\u0131zda yeterlidir. Muafiyet \u0130\u00e7in \u0130stenen Evraklar [&hellip;]","og_url":"https:\/\/erensurucukursu.com.tr\/index.php\/ody-belgeleri\/","og_site_name":"Eren S\u00fcr\u00fcc\u00fc Kursu","og_image":[{"width":300,"height":263,"url":"https:\/\/erensurucukursu.com.tr\/wp-content\/uploads\/2023\/12\/logo-without-watermark-removebg-preview.png","type":"image\/png"}],"twitter_card":"summary_large_image","twitter_misc":{"Est. reading time":"1 minute"},"schema":{"@context":"https:\/\/schema.org","@graph":[{"@type":"WebPage","@id":"https:\/\/erensurucukursu.com.tr\/index.php\/ody-belgeleri\/","url":"https:\/\/erensurucukursu.com.tr\/index.php\/ody-belgeleri\/","name":"ODY Belgeleri - Eren S\u00fcr\u00fcc\u00fc Kursu","isPartOf":{"@id":"https:\/\/erensurucukursu.com.tr\/#website"},"datePublished":"2023-12-19T14:13:40+00:00","dateModified":"2023-12-19T14:13:40+00:00","breadcrumb":{"@id":"https:\/\/erensurucukursu.com.tr\/index.php\/ody-belgeleri\/#breadcrumb"},"inLanguage":"en-US","potentialAction":[{"@type":"ReadAction","target":["https:\/\/erensurucukursu.com.tr\/index.php\/ody-belgeleri\/"]}]},{"@type":"BreadcrumbList","@id":"https:\/\/erensurucukursu.com.tr\/index.php\/ody-belgeleri\/#breadcrumb","itemListElement":[{"@type":"ListItem","position":1,"name":"Home","item":"https:\/\/erensurucukursu.com.tr\/"},{"@type":"ListItem","position":2,"name":"ODY Belgeleri"}]},{"@type":"WebSite","@id":"https:\/\/erensurucukursu.com.tr\/#website","url":"https:\/\/erensurucukursu.com.tr\/","name":"Eren S\u00fcr\u00fcc\u00fc Kursu","description":"Ehliyet Yolculu\u011funda Size Arkada\u015f","publisher":{"@id":"https:\/\/erensurucukursu.com.tr\/#organization"},"potentialAction":[{"@type":"SearchAction","target":{"@type":"EntryPoint","urlTemplate":"https:\/\/erensurucukursu.com.tr\/?s={search_term_string}"},"query-input":"required name=search_term_string"}],"inLanguage":"en-US"},{"@type":"Organization","@id":"https:\/\/erensurucukursu.com.tr\/#organization","name":"Eren S\u00fcr\u00fcc\u00fc Kursu","url":"https:\/\/erensurucukursu.com.tr\/","logo":{"@type":"ImageObject","inLanguage":"en-US","@id":"https:\/\/erensurucukursu.com.tr\/#\/schema\/logo\/image\/","url":"https:\/\/erensurucukursu.com.tr\/wp-content\/uploads\/2023\/12\/logo-without-watermark.png","contentUrl":"https:\/\/erensurucukursu.com.tr\/wp-content\/uploads\/2023\/12\/logo-without-watermark.png","width":300,"height":263,"caption":"Eren S\u00fcr\u00fcc\u00fc Kursu"},"image":{"@id":"https:\/\/erensurucukursu.com.tr\/#\/schema\/logo\/image\/"},"sameAs":["https:\/\/www.instagram.com\/uskerenmtsk\/"]}]}},"jetpack_sharing_enabled":true,"_links":{"self":[{"href":"https:\/\/erensurucukursu.com.tr\/index.php\/wp-json\/wp\/v2\/pages\/625","targetHints":{"allow":["GET"]}}],"collection":[{"href":"https:\/\/erensurucukursu.com.tr\/index.php\/wp-json\/wp\/v2\/pages"}],"about":[{"href":"https:\/\/erensurucukursu.com.tr\/index.php\/wp-json\/wp\/v2\/types\/page"}],"author":[{"embeddable":true,"href":"https:\/\/erensurucukursu.com.tr\/index.php\/wp-json\/wp\/v2\/users\/1"}],"replies":[{"embeddable":true,"href":"https:\/\/erensurucukursu.com.tr\/index.php\/wp-json\/wp\/v2\/comments?post=625"}],"version-history":[{"count":1,"href":"https:\/\/erensurucukursu.com.tr\/index.php\/wp-json\/wp\/v2\/pages\/625\/revisions"}],"predecessor-version":[{"id":626,"href":"https:\/\/erensurucukursu.com.tr\/index.php\/wp-json\/wp\/v2\/pages\/625\/revisions\/626"}],"wp:attachment":[{"href":"https:\/\/erensurucukursu.com.tr\/index.php\/wp-json\/wp\/v2\/media?parent=625"}],"curies":[{"name":"wp","href":"https:\/\/api.w.org\/{rel}","templated":true}]}}