{"id":630,"date":"2023-12-19T17:10:32","date_gmt":"2023-12-19T14:10:32","guid":{"rendered":"https:\/\/erensurucukursu.com.tr\/?page_id=630"},"modified":"2023-12-19T17:11:42","modified_gmt":"2023-12-19T14:11:42","slug":"psikoteknik","status":"publish","type":"page","link":"https:\/\/erensurucukursu.com.tr\/index.php\/psikoteknik\/","title":{"rendered":"Psikoteknik"},"content":{"rendered":"\n<h1 class=\"wp-block-heading has-large-font-size\">Psikoteknik Nedir?<\/h1>\n\n\n\n<p class=\"has-small-font-size\"><strong>Psikoteknik Nedir<\/strong>, sorusu son zamanlarda zorunlulu\u011fun ve denetimlerin de artmas\u0131yla merak edilen sorulardan birisi olmu\u015ftur.&nbsp;<strong>Psikoteknik<\/strong>&nbsp;ticari ama\u00e7 ile ara\u00e7 kullanan ve yan\u0131nda bulundurulmas\u0131 ve alg\u0131-refleks testlerinden ba\u015far\u0131l\u0131 oldu\u011funu g\u00f6steren psiko analiz raporudur.<\/p>\n\n\n\n<h2 class=\"wp-block-heading has-large-font-size\"><strong>Psiko-Teknik De\u011ferlendirme Sistemi<\/strong><\/h2>\n\n\n\n<p class=\"has-small-font-size\"><strong>S\u00fcr\u00fcc\u00fcler<\/strong>de g\u00fcvenli ara\u00e7 kullanmak i\u00e7in temel olarak bulunmas\u0131 gereken&nbsp;<strong>alg\u0131, dikkat, haf\u0131za, muhakeme yetene\u011fi, h\u0131z-mesafe<\/strong>&nbsp;tahmini gibi zihinsel \u00f6zelliklerinin;&nbsp;<strong>tepki h\u0131z\u0131, g\u00f6z, el ayak koordinasyonu gibi psiko-motor yetenek ve beceri d\u00fczeyinin, risk alma, sald\u0131rganl\u0131k, sorumluluk, \u00f6z kontrol gibi tutum, davran\u0131\u015f, al\u0131\u015fkanl\u0131k ve ki\u015filik \u00f6zelliklerinin<\/strong>&nbsp;bilgisayar destekli test sistemleri kullan\u0131larak \u00f6l\u00e7\u00fclebildi\u011fi\u201d bir sistemdir.<\/p>\n\n\n\n<p class=\"has-small-font-size\"><em><strong>B\u00f6ylece;<\/strong>&nbsp;<\/em>bir s\u00fcr\u00fcc\u00fcn\u00fcn, bir arac\u0131 s\u00fcrebilmek i\u00e7in asgari d\u00fczeyde, trafi\u011fe ili\u015fkin yeteneklere sahip olup olmad\u0131\u011f\u0131 ve trafi\u011fe ili\u015fkin ki\u015filik a\u00e7\u0131s\u0131ndan, trafik kurallar\u0131na uyma e\u011filimine sahip olup olmad\u0131\u011f\u0131 hakk\u0131nda daha tarafs\u0131z, daha bilimsel ve daha standart ko\u015fullarda ger\u00e7ekle\u015ftirilmi\u015f uygulamalarla sonu\u00e7lara var\u0131lmas\u0131 sa\u011flanabilmektedir.<\/p>\n\n\n\n<p class=\"has-small-font-size\"><strong>Psiko-teknik de\u011ferlendirme merkezleri<\/strong>nde Psikiyatri Uzman\u0131 ve Psikologlar g\u00f6rev yapmaktad\u0131r.<\/p>\n\n\n\n<h2 class=\"wp-block-heading has-large-font-size\"><em><strong>Yasal Konular<\/strong><\/em><\/h2>\n\n\n\n<h3 class=\"wp-block-heading has-medium-font-size\"><strong>Ehliyet \u0130adesi<\/strong><\/h3>\n\n\n\n<p class=\"has-small-font-size\">2918 Say\u0131l\u0131 Karayollar\u0131 Trafik Kanunu\u2019na dayal\u0131 Karayollar\u0131 Trafik Y\u00f6netmeli\u011fi Madde-79; kanunun ilgili maddelerinde tan\u0131mlanan nitelikteki trafik su\u00e7lar\u0131n\u0131 i\u015fleyen s\u00fcr\u00fcc\u00fcler, tan\u0131mlanan usul ve esaslara uygun olarak, Psikoteknik De\u011ferlendirme ve Psikiyatri Uzman\u0131 Muayenesine tabi tutulurlar. Muayene sonucu durumu uygun bulunan s\u00fcr\u00fcc\u00fclerin s\u00fcr\u00fcc\u00fc belgeleri Kanunun ilgili maddesinde belirtilen s\u00fcrenin sonunda iade edilir.<\/p>\n\n\n\n<p class=\"has-small-font-size\">KTY 60 e (Karayolu Ta\u015f\u0131ma Y\u00f6netmeli\u011fi Madde 60 Bendi E)<\/p>\n\n\n\n<p class=\"has-x-small-font-size\">Ticari ara\u00e7 kullanan s\u00fcr\u00fcc\u00fclerin bedeni ve psikoteknik a\u00e7\u0131dan sa\u011fl\u0131kl\u0131 olduklar\u0131n\u0131 g\u00f6steren bir sa\u011fl\u0131k raporunu yetkili sa\u011fl\u0131k kurulu\u015flar\u0131ndan her be\u015f y\u0131lda bir almalar\u0131 \u015fartt\u0131r.<\/p>\n","protected":false},"excerpt":{"rendered":"<p>Psikoteknik Nedir? Psikoteknik Nedir, sorusu son zamanlarda zorunlulu\u011fun ve denetimlerin de artmas\u0131yla merak edilen sorulardan birisi olmu\u015ftur.&nbsp;Psikoteknik&nbsp;ticari ama\u00e7 ile ara\u00e7 kullanan ve yan\u0131nda bulundurulmas\u0131 ve alg\u0131-refleks testlerinden ba\u015far\u0131l\u0131 oldu\u011funu g\u00f6steren psiko analiz raporudur. Psiko-Teknik De\u011ferlendirme Sistemi S\u00fcr\u00fcc\u00fclerde g\u00fcvenli ara\u00e7 kullanmak i\u00e7in temel olarak bulunmas\u0131 gereken&nbsp;alg\u0131, dikkat, haf\u0131za, muhakeme yetene\u011fi, h\u0131z-mesafe&nbsp;tahmini gibi zihinsel \u00f6zelliklerinin;&nbsp;tepki h\u0131z\u0131, g\u00f6z, [&hellip;]<\/p>\n","protected":false},"author":1,"featured_media":632,"parent":0,"menu_order":0,"comment_status":"closed","ping_status":"closed","template":"page-with-sidebar","meta":{"footnotes":""},"class_list":["post-630","page","type-page","status-publish","has-post-thumbnail","hentry"],"yoast_head":"<!-- This site is optimized with the Yoast SEO plugin v21.7 - https:\/\/yoast.com\/wordpress\/plugins\/seo\/ -->\n<title>Psikoteknik - Eren S\u00fcr\u00fcc\u00fc Kursu<\/title>\n<meta name=\"robots\" content=\"index, follow, max-snippet:-1, max-image-preview:large, max-video-preview:-1\" \/>\n<link rel=\"canonical\" href=\"https:\/\/erensurucukursu.com.tr\/index.php\/psikoteknik\/\" \/>\n<meta property=\"og:locale\" content=\"en_US\" \/>\n<meta property=\"og:type\" content=\"article\" \/>\n<meta property=\"og:title\" content=\"Psikoteknik - Eren S\u00fcr\u00fcc\u00fc Kursu\" \/>\n<meta property=\"og:description\" content=\"Psikoteknik Nedir? Psikoteknik Nedir, sorusu son zamanlarda zorunlulu\u011fun ve denetimlerin de artmas\u0131yla merak edilen sorulardan birisi olmu\u015ftur.&nbsp;Psikoteknik&nbsp;ticari ama\u00e7 ile ara\u00e7 kullanan ve yan\u0131nda bulundurulmas\u0131 ve alg\u0131-refleks testlerinden ba\u015far\u0131l\u0131 oldu\u011funu g\u00f6steren psiko analiz raporudur. Psiko-Teknik De\u011ferlendirme Sistemi S\u00fcr\u00fcc\u00fclerde g\u00fcvenli ara\u00e7 kullanmak i\u00e7in temel olarak bulunmas\u0131 gereken&nbsp;alg\u0131, dikkat, haf\u0131za, muhakeme yetene\u011fi, h\u0131z-mesafe&nbsp;tahmini gibi zihinsel \u00f6zelliklerinin;&nbsp;tepki h\u0131z\u0131, g\u00f6z, [&hellip;]\" \/>\n<meta property=\"og:url\" content=\"https:\/\/erensurucukursu.com.tr\/index.php\/psikoteknik\/\" \/>\n<meta property=\"og:site_name\" content=\"Eren S\u00fcr\u00fcc\u00fc Kursu\" \/>\n<meta property=\"article:modified_time\" content=\"2023-12-19T14:11:42+00:00\" \/>\n<meta property=\"og:image\" content=\"https:\/\/erensurucukursu.com.tr\/wp-content\/uploads\/2023\/12\/Psikoteknik.png\" \/>\n\t<meta property=\"og:image:width\" content=\"1000\" \/>\n\t<meta property=\"og:image:height\" content=\"1000\" \/>\n\t<meta property=\"og:image:type\" content=\"image\/png\" \/>\n<meta name=\"twitter:card\" content=\"summary_large_image\" \/>\n<meta name=\"twitter:label1\" content=\"Est. reading time\" \/>\n\t<meta name=\"twitter:data1\" content=\"2 minutes\" \/>\n<script type=\"application\/ld+json\" class=\"yoast-schema-graph\">{\"@context\":\"https:\/\/schema.org\",\"@graph\":[{\"@type\":\"WebPage\",\"@id\":\"https:\/\/erensurucukursu.com.tr\/index.php\/psikoteknik\/\",\"url\":\"https:\/\/erensurucukursu.com.tr\/index.php\/psikoteknik\/\",\"name\":\"Psikoteknik - Eren S\u00fcr\u00fcc\u00fc Kursu\",\"isPartOf\":{\"@id\":\"https:\/\/erensurucukursu.com.tr\/#website\"},\"datePublished\":\"2023-12-19T14:10:32+00:00\",\"dateModified\":\"2023-12-19T14:11:42+00:00\",\"breadcrumb\":{\"@id\":\"https:\/\/erensurucukursu.com.tr\/index.php\/psikoteknik\/#breadcrumb\"},\"inLanguage\":\"en-US\",\"potentialAction\":[{\"@type\":\"ReadAction\",\"target\":[\"https:\/\/erensurucukursu.com.tr\/index.php\/psikoteknik\/\"]}]},{\"@type\":\"BreadcrumbList\",\"@id\":\"https:\/\/erensurucukursu.com.tr\/index.php\/psikoteknik\/#breadcrumb\",\"itemListElement\":[{\"@type\":\"ListItem\",\"position\":1,\"name\":\"Home\",\"item\":\"https:\/\/erensurucukursu.com.tr\/\"},{\"@type\":\"ListItem\",\"position\":2,\"name\":\"Psikoteknik\"}]},{\"@type\":\"WebSite\",\"@id\":\"https:\/\/erensurucukursu.com.tr\/#website\",\"url\":\"https:\/\/erensurucukursu.com.tr\/\",\"name\":\"Eren S\u00fcr\u00fcc\u00fc Kursu\",\"description\":\"Ehliyet Yolculu\u011funda Size Arkada\u015f\",\"publisher\":{\"@id\":\"https:\/\/erensurucukursu.com.tr\/#organization\"},\"potentialAction\":[{\"@type\":\"SearchAction\",\"target\":{\"@type\":\"EntryPoint\",\"urlTemplate\":\"https:\/\/erensurucukursu.com.tr\/?s={search_term_string}\"},\"query-input\":\"required name=search_term_string\"}],\"inLanguage\":\"en-US\"},{\"@type\":\"Organization\",\"@id\":\"https:\/\/erensurucukursu.com.tr\/#organization\",\"name\":\"Eren S\u00fcr\u00fcc\u00fc Kursu\",\"url\":\"https:\/\/erensurucukursu.com.tr\/\",\"logo\":{\"@type\":\"ImageObject\",\"inLanguage\":\"en-US\",\"@id\":\"https:\/\/erensurucukursu.com.tr\/#\/schema\/logo\/image\/\",\"url\":\"https:\/\/erensurucukursu.com.tr\/wp-content\/uploads\/2023\/12\/logo-without-watermark.png\",\"contentUrl\":\"https:\/\/erensurucukursu.com.tr\/wp-content\/uploads\/2023\/12\/logo-without-watermark.png\",\"width\":300,\"height\":263,\"caption\":\"Eren S\u00fcr\u00fcc\u00fc Kursu\"},\"image\":{\"@id\":\"https:\/\/erensurucukursu.com.tr\/#\/schema\/logo\/image\/\"},\"sameAs\":[\"https:\/\/www.instagram.com\/uskerenmtsk\/\"]}]}<\/script>\n<!-- \/ Yoast SEO plugin. -->","yoast_head_json":{"title":"Psikoteknik - Eren S\u00fcr\u00fcc\u00fc Kursu","robots":{"index":"index","follow":"follow","max-snippet":"max-snippet:-1","max-image-preview":"max-image-preview:large","max-video-preview":"max-video-preview:-1"},"canonical":"https:\/\/erensurucukursu.com.tr\/index.php\/psikoteknik\/","og_locale":"en_US","og_type":"article","og_title":"Psikoteknik - Eren S\u00fcr\u00fcc\u00fc Kursu","og_description":"Psikoteknik Nedir? Psikoteknik Nedir, sorusu son zamanlarda zorunlulu\u011fun ve denetimlerin de artmas\u0131yla merak edilen sorulardan birisi olmu\u015ftur.&nbsp;Psikoteknik&nbsp;ticari ama\u00e7 ile ara\u00e7 kullanan ve yan\u0131nda bulundurulmas\u0131 ve alg\u0131-refleks testlerinden ba\u015far\u0131l\u0131 oldu\u011funu g\u00f6steren psiko analiz raporudur. Psiko-Teknik De\u011ferlendirme Sistemi S\u00fcr\u00fcc\u00fclerde g\u00fcvenli ara\u00e7 kullanmak i\u00e7in temel olarak bulunmas\u0131 gereken&nbsp;alg\u0131, dikkat, haf\u0131za, muhakeme yetene\u011fi, h\u0131z-mesafe&nbsp;tahmini gibi zihinsel \u00f6zelliklerinin;&nbsp;tepki h\u0131z\u0131, g\u00f6z, [&hellip;]","og_url":"https:\/\/erensurucukursu.com.tr\/index.php\/psikoteknik\/","og_site_name":"Eren S\u00fcr\u00fcc\u00fc Kursu","article_modified_time":"2023-12-19T14:11:42+00:00","og_image":[{"width":1000,"height":1000,"url":"https:\/\/erensurucukursu.com.tr\/wp-content\/uploads\/2023\/12\/Psikoteknik.png","type":"image\/png"}],"twitter_card":"summary_large_image","twitter_misc":{"Est. reading time":"2 minutes"},"schema":{"@context":"https:\/\/schema.org","@graph":[{"@type":"WebPage","@id":"https:\/\/erensurucukursu.com.tr\/index.php\/psikoteknik\/","url":"https:\/\/erensurucukursu.com.tr\/index.php\/psikoteknik\/","name":"Psikoteknik - Eren S\u00fcr\u00fcc\u00fc Kursu","isPartOf":{"@id":"https:\/\/erensurucukursu.com.tr\/#website"},"datePublished":"2023-12-19T14:10:32+00:00","dateModified":"2023-12-19T14:11:42+00:00","breadcrumb":{"@id":"https:\/\/erensurucukursu.com.tr\/index.php\/psikoteknik\/#breadcrumb"},"inLanguage":"en-US","potentialAction":[{"@type":"ReadAction","target":["https:\/\/erensurucukursu.com.tr\/index.php\/psikoteknik\/"]}]},{"@type":"BreadcrumbList","@id":"https:\/\/erensurucukursu.com.tr\/index.php\/psikoteknik\/#breadcrumb","itemListElement":[{"@type":"ListItem","position":1,"name":"Home","item":"https:\/\/erensurucukursu.com.tr\/"},{"@type":"ListItem","position":2,"name":"Psikoteknik"}]},{"@type":"WebSite","@id":"https:\/\/erensurucukursu.com.tr\/#website","url":"https:\/\/erensurucukursu.com.tr\/","name":"Eren S\u00fcr\u00fcc\u00fc Kursu","description":"Ehliyet Yolculu\u011funda Size Arkada\u015f","publisher":{"@id":"https:\/\/erensurucukursu.com.tr\/#organization"},"potentialAction":[{"@type":"SearchAction","target":{"@type":"EntryPoint","urlTemplate":"https:\/\/erensurucukursu.com.tr\/?s={search_term_string}"},"query-input":"required name=search_term_string"}],"inLanguage":"en-US"},{"@type":"Organization","@id":"https:\/\/erensurucukursu.com.tr\/#organization","name":"Eren S\u00fcr\u00fcc\u00fc Kursu","url":"https:\/\/erensurucukursu.com.tr\/","logo":{"@type":"ImageObject","inLanguage":"en-US","@id":"https:\/\/erensurucukursu.com.tr\/#\/schema\/logo\/image\/","url":"https:\/\/erensurucukursu.com.tr\/wp-content\/uploads\/2023\/12\/logo-without-watermark.png","contentUrl":"https:\/\/erensurucukursu.com.tr\/wp-content\/uploads\/2023\/12\/logo-without-watermark.png","width":300,"height":263,"caption":"Eren S\u00fcr\u00fcc\u00fc Kursu"},"image":{"@id":"https:\/\/erensurucukursu.com.tr\/#\/schema\/logo\/image\/"},"sameAs":["https:\/\/www.instagram.com\/uskerenmtsk\/"]}]}},"jetpack_sharing_enabled":true,"_links":{"self":[{"href":"https:\/\/erensurucukursu.com.tr\/index.php\/wp-json\/wp\/v2\/pages\/630","targetHints":{"allow":["GET"]}}],"collection":[{"href":"https:\/\/erensurucukursu.com.tr\/index.php\/wp-json\/wp\/v2\/pages"}],"about":[{"href":"https:\/\/erensurucukursu.com.tr\/index.php\/wp-json\/wp\/v2\/types\/page"}],"author":[{"embeddable":true,"href":"https:\/\/erensurucukursu.com.tr\/index.php\/wp-json\/wp\/v2\/users\/1"}],"replies":[{"embeddable":true,"href":"https:\/\/erensurucukursu.com.tr\/index.php\/wp-json\/wp\/v2\/comments?post=630"}],"version-history":[{"count":1,"href":"https:\/\/erensurucukursu.com.tr\/index.php\/wp-json\/wp\/v2\/pages\/630\/revisions"}],"predecessor-version":[{"id":631,"href":"https:\/\/erensurucukursu.com.tr\/index.php\/wp-json\/wp\/v2\/pages\/630\/revisions\/631"}],"wp:featuredmedia":[{"embeddable":true,"href":"https:\/\/erensurucukursu.com.tr\/index.php\/wp-json\/wp\/v2\/media\/632"}],"wp:attachment":[{"href":"https:\/\/erensurucukursu.com.tr\/index.php\/wp-json\/wp\/v2\/media?parent=630"}],"curies":[{"name":"wp","href":"https:\/\/api.w.org\/{rel}","templated":true}]}}