{"id":637,"date":"2023-12-21T15:35:05","date_gmt":"2023-12-21T12:35:05","guid":{"rendered":"https:\/\/erensurucukursu.com.tr\/?page_id=637"},"modified":"2023-12-26T17:47:08","modified_gmt":"2023-12-26T14:47:08","slug":"egitim-alani","status":"publish","type":"page","link":"https:\/\/erensurucukursu.com.tr\/index.php\/egitim-alani\/","title":{"rendered":"E\u011fitim Alan\u0131"},"content":{"rendered":"\n<h2 class=\"wp-block-heading alignwide has-text-align-left\">E\u011fitim ve S\u0131nav Alan\u0131m\u0131za Giden Toplu Ula\u015f\u0131m Hatlar\u0131<\/h2>\n\n\n\n<p><a href=\"https:\/\/iett.istanbul\/RouteDetail?hkod=11Y&amp;routename=YAVUZT%C3%9CRK%20MAHALLES%C4%B0%20-%20%C3%9CSK%C3%9CDAR\" data-type=\"link\" data-id=\"https:\/\/iett.istanbul\/RouteDetail?hkod=14Y&amp;routename=YAVUZT%C3%9CRK%20MAHALLES%C4%B0%20-%20KADIK%C3%96Y\">11Y &#8211; Yavuzt\u00fcrk Mahallesi-\u00dcsk\u00fcdar otob\u00fcs hatt\u0131<\/a><br><a href=\"https:\/\/iett.istanbul\/RouteDetail?hkod=14Y&amp;routename=YAVUZT%C3%9CRK%20MAHALLES%C4%B0%20-%20KADIK%C3%96Y\" data-type=\"link\" data-id=\"https:\/\/iett.istanbul\/RouteDetail?hkod=11Y&amp;routename=YAVUZT%C3%9CRK%20MAHALLES%C4%B0%20-%20%C3%9CSK%C3%9CDAR\">14Y &#8211; Yavuzt\u00fcrk Mahallesi-Kad\u0131k\u00f6y oto<\/a><a href=\"https:\/\/iett.istanbul\/RouteDetail?hkod=11Y&amp;routename=YAVUZT%C3%9CRK%20MAHALLES%C4%B0%20-%20%C3%9CSK%C3%9CDAR\" data-type=\"link\" data-id=\"https:\/\/iett.istanbul\/RouteDetail?hkod=11Y&amp;routename=YAVUZT%C3%9CRK%20MAHALLES%C4%B0%20-%20%C3%9CSK%C3%9CDAR\">b\u00fcs hatt\u0131<\/a><br><a href=\"https:\/\/iett.istanbul\/RouteDetail?hkod=14YE&amp;routename=YAVUZT%C3%9CRK%20MAHALLES%C4%B0%20%2F%20%C3%9CMRAN%C4%B0YE%20-%20EMEK%20MAHALLES%C4%B0\" data-type=\"link\" data-id=\"https:\/\/iett.istanbul\/RouteDetail?hkod=14YE&amp;routename=YAVUZT%C3%9CRK%20MAHALLES%C4%B0%20%2F%20%C3%9CMRAN%C4%B0YE%20-%20EMEK%20MAHALLES%C4%B0\">14YE &#8211; Yavuzt\u00fcrk Mahallesi-\u00dcmraniye\/Emek Mahallesi otob\u00fcs hatt\u0131<\/a><br>C354 &#8211; Yavuzt\u00fcrk Mahallesi-\u00dcmraniye dolmu\u015f hatt\u0131<\/p>\n\n\n\n<h2 class=\"wp-block-heading alignwide has-text-align-left\">E\u011fitim ve S\u0131nav Alan\u0131m\u0131z\u0131n Haritadaki Konumu<\/h2>\n\n\n\n<div class=\"wp-block-group has-global-padding is-layout-constrained wp-block-group-is-layout-constrained\">\n<iframe src=\"https:\/\/www.google.com\/maps\/embed?pb=!1m18!1m12!1m3!1d3009.048683242195!2d29.081481184298305!3d41.04606445468879!2m3!1f0!2f0!3f0!3m2!1i1024!2i768!4f13.1!3m3!1m2!1s0x14cac9ae48f10dc1%3A0x4b7f21deb1a48e2b!2zw5xza8O8ZGFyIC8gRGlyZWtzaXlvbiBTxLFuYXYgQWxhbsSx!5e0!3m2!1str!2str!4v1703601182098!5m2!1str!2str\" width=\"600\" height=\"450\" style=\"border:1;\" allowfullscreen=\"allowfullscreen\" loading=\"lazy\" referrerpolicy=\"no-referrer-when-downgrade\"><\/iframe>\n<\/div>\n","protected":false},"excerpt":{"rendered":"<p>E\u011fitim ve S\u0131nav Alan\u0131m\u0131za Giden Toplu Ula\u015f\u0131m Hatlar\u0131 11Y &#8211; Yavuzt\u00fcrk Mahallesi-\u00dcsk\u00fcdar otob\u00fcs hatt\u013114Y &#8211; Yavuzt\u00fcrk Mahallesi-Kad\u0131k\u00f6y otob\u00fcs hatt\u013114YE &#8211; Yavuzt\u00fcrk Mahallesi-\u00dcmraniye\/Emek Mahallesi otob\u00fcs hatt\u0131C354 &#8211; Yavuzt\u00fcrk Mahallesi-\u00dcmraniye dolmu\u015f hatt\u0131 E\u011fitim ve S\u0131nav Alan\u0131m\u0131z\u0131n Haritadaki Konumu<\/p>\n","protected":false},"author":1,"featured_media":0,"parent":0,"menu_order":0,"comment_status":"closed","ping_status":"closed","template":"","meta":{"footnotes":""},"class_list":["post-637","page","type-page","status-publish","hentry"],"yoast_head":"<!-- This site is optimized with the Yoast SEO plugin v21.7 - https:\/\/yoast.com\/wordpress\/plugins\/seo\/ -->\n<title>E\u011fitim Alan\u0131 - Eren S\u00fcr\u00fcc\u00fc Kursu<\/title>\n<meta name=\"robots\" content=\"index, follow, max-snippet:-1, max-image-preview:large, max-video-preview:-1\" \/>\n<link rel=\"canonical\" href=\"https:\/\/erensurucukursu.com.tr\/index.php\/egitim-alani\/\" \/>\n<meta property=\"og:locale\" content=\"en_US\" \/>\n<meta property=\"og:type\" content=\"article\" \/>\n<meta property=\"og:title\" content=\"E\u011fitim Alan\u0131 - Eren S\u00fcr\u00fcc\u00fc Kursu\" \/>\n<meta property=\"og:description\" content=\"E\u011fitim ve S\u0131nav Alan\u0131m\u0131za Giden Toplu Ula\u015f\u0131m Hatlar\u0131 11Y &#8211; Yavuzt\u00fcrk Mahallesi-\u00dcsk\u00fcdar otob\u00fcs hatt\u013114Y &#8211; Yavuzt\u00fcrk Mahallesi-Kad\u0131k\u00f6y otob\u00fcs hatt\u013114YE &#8211; Yavuzt\u00fcrk Mahallesi-\u00dcmraniye\/Emek Mahallesi otob\u00fcs hatt\u0131C354 &#8211; Yavuzt\u00fcrk Mahallesi-\u00dcmraniye dolmu\u015f hatt\u0131 E\u011fitim ve S\u0131nav Alan\u0131m\u0131z\u0131n Haritadaki Konumu\" \/>\n<meta property=\"og:url\" content=\"https:\/\/erensurucukursu.com.tr\/index.php\/egitim-alani\/\" \/>\n<meta property=\"og:site_name\" content=\"Eren S\u00fcr\u00fcc\u00fc Kursu\" \/>\n<meta property=\"article:modified_time\" content=\"2023-12-26T14:47:08+00:00\" \/>\n<meta property=\"og:image\" content=\"https:\/\/erensurucukursu.com.tr\/wp-content\/uploads\/2023\/12\/logo-without-watermark-removebg-preview.png\" \/>\n\t<meta property=\"og:image:width\" content=\"300\" \/>\n\t<meta property=\"og:image:height\" content=\"263\" \/>\n\t<meta property=\"og:image:type\" content=\"image\/png\" \/>\n<meta name=\"twitter:card\" content=\"summary_large_image\" \/>\n<script type=\"application\/ld+json\" class=\"yoast-schema-graph\">{\"@context\":\"https:\/\/schema.org\",\"@graph\":[{\"@type\":\"WebPage\",\"@id\":\"https:\/\/erensurucukursu.com.tr\/index.php\/egitim-alani\/\",\"url\":\"https:\/\/erensurucukursu.com.tr\/index.php\/egitim-alani\/\",\"name\":\"E\u011fitim Alan\u0131 - Eren S\u00fcr\u00fcc\u00fc Kursu\",\"isPartOf\":{\"@id\":\"https:\/\/erensurucukursu.com.tr\/#website\"},\"datePublished\":\"2023-12-21T12:35:05+00:00\",\"dateModified\":\"2023-12-26T14:47:08+00:00\",\"breadcrumb\":{\"@id\":\"https:\/\/erensurucukursu.com.tr\/index.php\/egitim-alani\/#breadcrumb\"},\"inLanguage\":\"en-US\",\"potentialAction\":[{\"@type\":\"ReadAction\",\"target\":[\"https:\/\/erensurucukursu.com.tr\/index.php\/egitim-alani\/\"]}]},{\"@type\":\"BreadcrumbList\",\"@id\":\"https:\/\/erensurucukursu.com.tr\/index.php\/egitim-alani\/#breadcrumb\",\"itemListElement\":[{\"@type\":\"ListItem\",\"position\":1,\"name\":\"Home\",\"item\":\"https:\/\/erensurucukursu.com.tr\/\"},{\"@type\":\"ListItem\",\"position\":2,\"name\":\"E\u011fitim Alan\u0131\"}]},{\"@type\":\"WebSite\",\"@id\":\"https:\/\/erensurucukursu.com.tr\/#website\",\"url\":\"https:\/\/erensurucukursu.com.tr\/\",\"name\":\"Eren S\u00fcr\u00fcc\u00fc Kursu\",\"description\":\"Ehliyet Yolculu\u011funda Size Arkada\u015f\",\"publisher\":{\"@id\":\"https:\/\/erensurucukursu.com.tr\/#organization\"},\"potentialAction\":[{\"@type\":\"SearchAction\",\"target\":{\"@type\":\"EntryPoint\",\"urlTemplate\":\"https:\/\/erensurucukursu.com.tr\/?s={search_term_string}\"},\"query-input\":\"required name=search_term_string\"}],\"inLanguage\":\"en-US\"},{\"@type\":\"Organization\",\"@id\":\"https:\/\/erensurucukursu.com.tr\/#organization\",\"name\":\"Eren S\u00fcr\u00fcc\u00fc Kursu\",\"url\":\"https:\/\/erensurucukursu.com.tr\/\",\"logo\":{\"@type\":\"ImageObject\",\"inLanguage\":\"en-US\",\"@id\":\"https:\/\/erensurucukursu.com.tr\/#\/schema\/logo\/image\/\",\"url\":\"https:\/\/erensurucukursu.com.tr\/wp-content\/uploads\/2023\/12\/logo-without-watermark.png\",\"contentUrl\":\"https:\/\/erensurucukursu.com.tr\/wp-content\/uploads\/2023\/12\/logo-without-watermark.png\",\"width\":300,\"height\":263,\"caption\":\"Eren S\u00fcr\u00fcc\u00fc Kursu\"},\"image\":{\"@id\":\"https:\/\/erensurucukursu.com.tr\/#\/schema\/logo\/image\/\"},\"sameAs\":[\"https:\/\/www.instagram.com\/uskerenmtsk\/\"]}]}<\/script>\n<!-- \/ Yoast SEO plugin. -->","yoast_head_json":{"title":"E\u011fitim Alan\u0131 - Eren S\u00fcr\u00fcc\u00fc Kursu","robots":{"index":"index","follow":"follow","max-snippet":"max-snippet:-1","max-image-preview":"max-image-preview:large","max-video-preview":"max-video-preview:-1"},"canonical":"https:\/\/erensurucukursu.com.tr\/index.php\/egitim-alani\/","og_locale":"en_US","og_type":"article","og_title":"E\u011fitim Alan\u0131 - Eren S\u00fcr\u00fcc\u00fc Kursu","og_description":"E\u011fitim ve S\u0131nav Alan\u0131m\u0131za Giden Toplu Ula\u015f\u0131m Hatlar\u0131 11Y &#8211; Yavuzt\u00fcrk Mahallesi-\u00dcsk\u00fcdar otob\u00fcs hatt\u013114Y &#8211; Yavuzt\u00fcrk Mahallesi-Kad\u0131k\u00f6y otob\u00fcs hatt\u013114YE &#8211; Yavuzt\u00fcrk Mahallesi-\u00dcmraniye\/Emek Mahallesi otob\u00fcs hatt\u0131C354 &#8211; Yavuzt\u00fcrk Mahallesi-\u00dcmraniye dolmu\u015f hatt\u0131 E\u011fitim ve S\u0131nav Alan\u0131m\u0131z\u0131n Haritadaki Konumu","og_url":"https:\/\/erensurucukursu.com.tr\/index.php\/egitim-alani\/","og_site_name":"Eren S\u00fcr\u00fcc\u00fc Kursu","article_modified_time":"2023-12-26T14:47:08+00:00","og_image":[{"width":300,"height":263,"url":"https:\/\/erensurucukursu.com.tr\/wp-content\/uploads\/2023\/12\/logo-without-watermark-removebg-preview.png","type":"image\/png"}],"twitter_card":"summary_large_image","schema":{"@context":"https:\/\/schema.org","@graph":[{"@type":"WebPage","@id":"https:\/\/erensurucukursu.com.tr\/index.php\/egitim-alani\/","url":"https:\/\/erensurucukursu.com.tr\/index.php\/egitim-alani\/","name":"E\u011fitim Alan\u0131 - Eren S\u00fcr\u00fcc\u00fc Kursu","isPartOf":{"@id":"https:\/\/erensurucukursu.com.tr\/#website"},"datePublished":"2023-12-21T12:35:05+00:00","dateModified":"2023-12-26T14:47:08+00:00","breadcrumb":{"@id":"https:\/\/erensurucukursu.com.tr\/index.php\/egitim-alani\/#breadcrumb"},"inLanguage":"en-US","potentialAction":[{"@type":"ReadAction","target":["https:\/\/erensurucukursu.com.tr\/index.php\/egitim-alani\/"]}]},{"@type":"BreadcrumbList","@id":"https:\/\/erensurucukursu.com.tr\/index.php\/egitim-alani\/#breadcrumb","itemListElement":[{"@type":"ListItem","position":1,"name":"Home","item":"https:\/\/erensurucukursu.com.tr\/"},{"@type":"ListItem","position":2,"name":"E\u011fitim Alan\u0131"}]},{"@type":"WebSite","@id":"https:\/\/erensurucukursu.com.tr\/#website","url":"https:\/\/erensurucukursu.com.tr\/","name":"Eren S\u00fcr\u00fcc\u00fc Kursu","description":"Ehliyet Yolculu\u011funda Size Arkada\u015f","publisher":{"@id":"https:\/\/erensurucukursu.com.tr\/#organization"},"potentialAction":[{"@type":"SearchAction","target":{"@type":"EntryPoint","urlTemplate":"https:\/\/erensurucukursu.com.tr\/?s={search_term_string}"},"query-input":"required name=search_term_string"}],"inLanguage":"en-US"},{"@type":"Organization","@id":"https:\/\/erensurucukursu.com.tr\/#organization","name":"Eren S\u00fcr\u00fcc\u00fc Kursu","url":"https:\/\/erensurucukursu.com.tr\/","logo":{"@type":"ImageObject","inLanguage":"en-US","@id":"https:\/\/erensurucukursu.com.tr\/#\/schema\/logo\/image\/","url":"https:\/\/erensurucukursu.com.tr\/wp-content\/uploads\/2023\/12\/logo-without-watermark.png","contentUrl":"https:\/\/erensurucukursu.com.tr\/wp-content\/uploads\/2023\/12\/logo-without-watermark.png","width":300,"height":263,"caption":"Eren S\u00fcr\u00fcc\u00fc Kursu"},"image":{"@id":"https:\/\/erensurucukursu.com.tr\/#\/schema\/logo\/image\/"},"sameAs":["https:\/\/www.instagram.com\/uskerenmtsk\/"]}]}},"jetpack_sharing_enabled":true,"_links":{"self":[{"href":"https:\/\/erensurucukursu.com.tr\/index.php\/wp-json\/wp\/v2\/pages\/637","targetHints":{"allow":["GET"]}}],"collection":[{"href":"https:\/\/erensurucukursu.com.tr\/index.php\/wp-json\/wp\/v2\/pages"}],"about":[{"href":"https:\/\/erensurucukursu.com.tr\/index.php\/wp-json\/wp\/v2\/types\/page"}],"author":[{"embeddable":true,"href":"https:\/\/erensurucukursu.com.tr\/index.php\/wp-json\/wp\/v2\/users\/1"}],"replies":[{"embeddable":true,"href":"https:\/\/erensurucukursu.com.tr\/index.php\/wp-json\/wp\/v2\/comments?post=637"}],"version-history":[{"count":8,"href":"https:\/\/erensurucukursu.com.tr\/index.php\/wp-json\/wp\/v2\/pages\/637\/revisions"}],"predecessor-version":[{"id":694,"href":"https:\/\/erensurucukursu.com.tr\/index.php\/wp-json\/wp\/v2\/pages\/637\/revisions\/694"}],"wp:attachment":[{"href":"https:\/\/erensurucukursu.com.tr\/index.php\/wp-json\/wp\/v2\/media?parent=637"}],"curies":[{"name":"wp","href":"https:\/\/api.w.org\/{rel}","templated":true}]}}