{"id":655,"date":"2023-12-21T15:35:09","date_gmt":"2023-12-21T12:35:09","guid":{"rendered":"https:\/\/erensurucukursu.com.tr\/?page_id=655"},"modified":"2023-12-21T17:27:30","modified_gmt":"2023-12-21T14:27:30","slug":"ehliyet-karti-nasil-cikartilir","status":"publish","type":"page","link":"https:\/\/erensurucukursu.com.tr\/index.php\/ehliyet-karti-nasil-cikartilir\/","title":{"rendered":"Ehliyet Kart\u0131 Nas\u0131l \u00c7\u0131kart\u0131l\u0131r?"},"content":{"rendered":"\n<h2 class=\"wp-block-heading alignwide has-text-align-center\" style=\"padding-top:var(--wp--preset--spacing--medium);padding-bottom:var(--wp--preset--spacing--medium)\">Ehliyet Kart\u0131 Nas\u0131l \u00c7\u0131kart\u0131l\u0131r?<\/h2>\n\n\n\n<p><strong>S\u00dcR\u00dcC\u00dc BELGES\u0130 (EHL\u0130YET) BA\u015eVURUSU<\/strong><\/p>\n\n\n\n<ul class=\"wp-block-list\">\n<li>S\u00fcr\u00fcc\u00fc belgesi ba\u015fvurusu yapmak i\u00e7in, telefonla veya internetten randevu alabilirsiniz.<\/li>\n<\/ul>\n\n\n\n<p>&nbsp;&nbsp;&nbsp;&nbsp;&nbsp;&nbsp;&nbsp;&nbsp;\u2666&nbsp;Telefonla 199 nolu numaradan,<\/p>\n\n\n\n<p>&nbsp;&nbsp;&nbsp;&nbsp;&nbsp;&nbsp;&nbsp;&nbsp;\u2666&nbsp;\u0130nternetten&nbsp;<a href=\"https:\/\/randevu.nvi.gov.tr\/\">randevu.nvi.gov.tr<\/a>&nbsp;adresinden<\/p>\n\n\n\n<p>&nbsp;&nbsp;&nbsp;&nbsp;\u2666 &#8220;NVI Mobil&#8221; ak\u0131ll\u0131 telefon uygulamas\u0131ndan<\/p>\n\n\n\n<p>Randevu g\u00fcn\u00fc\/saatinde, \u0130l\u00e7e N\u00fcfus M\u00fcd\u00fcrl\u00fc\u011f\u00fcne giderek, s\u0131ramatikten SIRA NUMARASI alarak ba\u015fvurunuzu ger\u00e7ekle\u015ftirebilirsiniz.<\/p>\n\n\n\n<p>NOT: S\u00fcr\u00fcc\u00fc belgesi bilgilerinin, T.C. Kimlik kart\u0131na yazd\u0131r\u0131lmas\u0131 i\u015flemi i\u00e7in de randevu almak gereklidir. Bu durumda her iki belgenin de yeni tip olmas\u0131 gereklidir. \u00dccret, belge vs gerekmemektedir.<\/p>\n\n\n\n<p>Ba\u015fvuruda istenilen veya elektronik sistemden kontrol edilmesi gereken belgeler<\/p>\n\n\n\n<p><br><strong><u>(1) \u0130LK KAYIT: \u0130lk kay\u0131t i\u015flemlerinde ibraz edilecek ve\/veya elektronik ortamda kontrol&nbsp;edilecek bilgiler\/belgeler.<\/u><\/strong><\/p>\n\n\n\n<p>a) Kimlik Belgesi<br>b) S\u00fcr\u00fcc\u00fc Sertifikas\u0131<br>c) \u00d6\u011frenim Belgesi, yurtd\u0131\u015f\u0131ndan al\u0131nan \u00f6\u011frenim belgelerinin noter tasdikli terc\u00fcmesi<br>\u00e7) S\u00fcr\u00fcc\u00fc Sa\u011fl\u0131k Raporu<br>d) S\u00fcr\u00fcc\u00fc belgesi de\u011ferli k\u00e2\u011f\u0131t ve har\u00e7 bedeli, vak\u0131f pay\u0131 (A\u015fa\u011f\u0131da, g\u00fcncel \u00fccret listesi ve anla\u015fmal\u0131 bankalar bildirilmi\u015ftir.)<br>e) 1 adet biyometrik foto\u011fraf<br>f) Kan grubunu belirtir belge veya s\u00f6zl\u00fc beyan\u0131<\/p>\n\n\n\n<p><strong><u>(2) SINIF EKLEME: S\u00fcr\u00fcc\u00fc belgesine yeni bir s\u0131n\u0131f ekleme i\u015flemlerinde ibraz edilecek ve\/veya elektronik&nbsp;ortamda kontrol edilecek bilgiler\/ belgeler.<\/u><\/strong><\/p>\n\n\n\n<p>a) Kimlik belgesi<br>b) S\u00fcr\u00fcc\u00fc sertifikas\u0131<br>c) \u00d6\u011frenim belgesi, yurtd\u0131\u015f\u0131ndan al\u0131nan \u00f6\u011frenim belgelerinin noter tasdikli terc\u00fcmesi<br>\u00e7) Kay\u0131p\/\u00c7al\u0131nt\u0131 de\u011filse mevcut s\u00fcr\u00fcc\u00fc belgesi<br>e) S\u00fcr\u00fcc\u00fc sa\u011fl\u0131k raporu<br>f) S\u00fcr\u00fcc\u00fc belgesi de\u011ferli k\u00e2\u011f\u0131t ve har\u00e7 bedeli, vak\u0131f pay\u0131&nbsp;(A\u015fa\u011f\u0131da, g\u00fcncel \u00fccret listesi ve anla\u015fmal\u0131 bankalar bildirilmi\u015ftir.)<br>g) 1 adet biyometrik foto\u011fraf<br>\u011f) Kan grubunu belirtir belge veya s\u00f6zl\u00fc beyan<\/p>\n\n\n\n<p><strong><u>(3) YEN\u0130LEME VEYA KAYIP: S\u00fcr\u00fcc\u00fc belgesinin kay\u0131p\/\u00e7al\u0131nt\u0131, y\u0131pranma, kimlik bilgilerinde de\u011fi\u015fiklik vb.&nbsp;nedenlerle yenilenmesi i\u015fleminde ibraz edilecek ve\/veya elektronik ortamda kontrol edilecek bilgiler\/belgeler.<\/u><\/strong><\/p>\n\n\n\n<p>a) Kimlik belgesi<br>b) Kay\u0131p\/\u00e7al\u0131nt\u0131 de\u011filse mevcut s\u00fcr\u00fcc\u00fc belgesi<br>c) S\u00fcr\u00fcc\u00fc sa\u011fl\u0131k raporu<br>\u00e7) S\u00fcr\u00fcc\u00fc belgesi de\u011ferli k\u00e2\u011f\u0131t bedeli ve vak\u0131f pay\u0131&nbsp;(A\u015fa\u011f\u0131da, g\u00fcncel \u00fccret listesi ve anla\u015fmal\u0131 bankalar bildirilmi\u015ftir.)<br>d) 1 adet biyometrik foto\u011fraf<br>e) Kan grubunu belirtir belge veya s\u00f6zl\u00fc beyan<\/p>\n\n\n\n<p><br><strong><u>(4) D\u0131\u015f \u00fclkelerden al\u0131nan s\u00fcr\u00fcc\u00fc belgesi de\u011fi\u015ftirme i\u015flemlerinde ibraz edilecek ve\/veya&nbsp;elektronik ortamda kontrol edilecek bilgiler\/belgeler.<\/u><\/strong><\/p>\n\n\n\n<p>a) Yabanc\u0131 s\u00fcr\u00fcc\u00fc belgesinin asl\u0131 ve renkli fotokopisi<br>b) Yabanc\u0131 s\u00fcr\u00fcc\u00fc belgesinin, noter veya konsolosluk onayl\u0131 T\u00fcrk\u00e7e terc\u00fcmesi<br>c) Kimlik belgesi<br>\u00e7) S\u00fcr\u00fcc\u00fc sa\u011fl\u0131k raporu<br>d) S\u00fcr\u00fcc\u00fc belgesi de\u011ferli k\u00e2\u011f\u0131t ve har\u00e7 bedeli, vak\u0131f pay\u0131&nbsp;(A\u015fa\u011f\u0131da, g\u00fcncel \u00fccret listesi ve anla\u015fmal\u0131 bankalar bildirilmi\u015ftir.)<br>e) 1 adet biyometrik foto\u011fraf<br>f) Kan grubunu belirtir belge veya s\u00f6zl\u00fc beyan<br>g) \u00d6\u011frenim belgesi, yurtd\u0131\u015f\u0131ndan al\u0131nan \u00f6\u011frenim belgelerinin noter tasdikli terc\u00fcmesi<\/p>\n\n\n\n<p><strong>\u00dcCRET\u0130N YATIRILMASI<\/strong><\/p>\n\n\n\n<p>S\u00fcr\u00fcc\u00fc belgesi (ehliyet) ba\u015fvurusu i\u00e7in,&nbsp;<\/p>\n\n\n\n<p>&nbsp;&nbsp;&nbsp;&nbsp;&nbsp;&nbsp;&nbsp;&nbsp;<strong>Anla\u015fmal\u0131 bankalara veya<\/strong><\/p>\n\n\n\n<p>&nbsp;&nbsp;&nbsp;&nbsp;&nbsp;&nbsp;&nbsp;&nbsp;<strong>PTT&#8217;ye<\/strong><\/p>\n\n\n\n<p>gerekli \u00fccretin yat\u0131r\u0131lmas\u0131 gerekmektedir.<\/p>\n\n\n\n<p><strong><u><a href=\"https:\/\/randevu.nvi.gov.tr\/pages\/applicationprices\">G\u00dcNCEL \u00dcCRET L\u0130STES\u0130<\/a><\/u><\/strong><\/p>\n","protected":false},"excerpt":{"rendered":"<p>Ehliyet Kart\u0131 Nas\u0131l \u00c7\u0131kart\u0131l\u0131r? S\u00dcR\u00dcC\u00dc BELGES\u0130 (EHL\u0130YET) BA\u015eVURUSU &nbsp;&nbsp;&nbsp;&nbsp;&nbsp;&nbsp;&nbsp;&nbsp;\u2666&nbsp;Telefonla 199 nolu numaradan, &nbsp;&nbsp;&nbsp;&nbsp;&nbsp;&nbsp;&nbsp;&nbsp;\u2666&nbsp;\u0130nternetten&nbsp;randevu.nvi.gov.tr&nbsp;adresinden &nbsp;&nbsp;&nbsp;&nbsp;\u2666 &#8220;NVI Mobil&#8221; ak\u0131ll\u0131 telefon uygulamas\u0131ndan Randevu g\u00fcn\u00fc\/saatinde, \u0130l\u00e7e N\u00fcfus M\u00fcd\u00fcrl\u00fc\u011f\u00fcne giderek, s\u0131ramatikten SIRA NUMARASI alarak ba\u015fvurunuzu ger\u00e7ekle\u015ftirebilirsiniz. NOT: S\u00fcr\u00fcc\u00fc belgesi bilgilerinin, T.C. Kimlik kart\u0131na yazd\u0131r\u0131lmas\u0131 i\u015flemi i\u00e7in de randevu almak gereklidir. Bu durumda her iki belgenin de yeni tip olmas\u0131 gereklidir. [&hellip;]<\/p>\n","protected":false},"author":1,"featured_media":0,"parent":0,"menu_order":0,"comment_status":"closed","ping_status":"closed","template":"","meta":{"footnotes":""},"class_list":["post-655","page","type-page","status-publish","hentry"],"yoast_head":"<!-- This site is optimized with the Yoast SEO plugin v21.7 - https:\/\/yoast.com\/wordpress\/plugins\/seo\/ -->\n<title>Ehliyet Kart\u0131 Nas\u0131l \u00c7\u0131kart\u0131l\u0131r? - Eren S\u00fcr\u00fcc\u00fc Kursu<\/title>\n<meta name=\"robots\" content=\"index, follow, max-snippet:-1, max-image-preview:large, max-video-preview:-1\" \/>\n<link rel=\"canonical\" href=\"https:\/\/erensurucukursu.com.tr\/index.php\/ehliyet-karti-nasil-cikartilir\/\" \/>\n<meta property=\"og:locale\" content=\"en_US\" \/>\n<meta property=\"og:type\" content=\"article\" \/>\n<meta property=\"og:title\" content=\"Ehliyet Kart\u0131 Nas\u0131l \u00c7\u0131kart\u0131l\u0131r? - Eren S\u00fcr\u00fcc\u00fc Kursu\" \/>\n<meta property=\"og:description\" content=\"Ehliyet Kart\u0131 Nas\u0131l \u00c7\u0131kart\u0131l\u0131r? S\u00dcR\u00dcC\u00dc BELGES\u0130 (EHL\u0130YET) BA\u015eVURUSU &nbsp;&nbsp;&nbsp;&nbsp;&nbsp;&nbsp;&nbsp;&nbsp;\u2666&nbsp;Telefonla 199 nolu numaradan, &nbsp;&nbsp;&nbsp;&nbsp;&nbsp;&nbsp;&nbsp;&nbsp;\u2666&nbsp;\u0130nternetten&nbsp;randevu.nvi.gov.tr&nbsp;adresinden &nbsp;&nbsp;&nbsp;&nbsp;\u2666 &#8220;NVI Mobil&#8221; ak\u0131ll\u0131 telefon uygulamas\u0131ndan Randevu g\u00fcn\u00fc\/saatinde, \u0130l\u00e7e N\u00fcfus M\u00fcd\u00fcrl\u00fc\u011f\u00fcne giderek, s\u0131ramatikten SIRA NUMARASI alarak ba\u015fvurunuzu ger\u00e7ekle\u015ftirebilirsiniz. NOT: S\u00fcr\u00fcc\u00fc belgesi bilgilerinin, T.C. Kimlik kart\u0131na yazd\u0131r\u0131lmas\u0131 i\u015flemi i\u00e7in de randevu almak gereklidir. Bu durumda her iki belgenin de yeni tip olmas\u0131 gereklidir. [&hellip;]\" \/>\n<meta property=\"og:url\" content=\"https:\/\/erensurucukursu.com.tr\/index.php\/ehliyet-karti-nasil-cikartilir\/\" \/>\n<meta property=\"og:site_name\" content=\"Eren S\u00fcr\u00fcc\u00fc Kursu\" \/>\n<meta property=\"article:modified_time\" content=\"2023-12-21T14:27:30+00:00\" \/>\n<meta property=\"og:image\" content=\"https:\/\/erensurucukursu.com.tr\/wp-content\/uploads\/2023\/12\/logo-without-watermark-removebg-preview.png\" \/>\n\t<meta property=\"og:image:width\" content=\"300\" \/>\n\t<meta property=\"og:image:height\" content=\"263\" \/>\n\t<meta property=\"og:image:type\" content=\"image\/png\" \/>\n<meta name=\"twitter:card\" content=\"summary_large_image\" \/>\n<meta name=\"twitter:label1\" content=\"Est. reading time\" \/>\n\t<meta name=\"twitter:data1\" content=\"3 minutes\" \/>\n<script type=\"application\/ld+json\" class=\"yoast-schema-graph\">{\"@context\":\"https:\/\/schema.org\",\"@graph\":[{\"@type\":\"WebPage\",\"@id\":\"https:\/\/erensurucukursu.com.tr\/index.php\/ehliyet-karti-nasil-cikartilir\/\",\"url\":\"https:\/\/erensurucukursu.com.tr\/index.php\/ehliyet-karti-nasil-cikartilir\/\",\"name\":\"Ehliyet Kart\u0131 Nas\u0131l \u00c7\u0131kart\u0131l\u0131r? - Eren S\u00fcr\u00fcc\u00fc Kursu\",\"isPartOf\":{\"@id\":\"https:\/\/erensurucukursu.com.tr\/#website\"},\"datePublished\":\"2023-12-21T12:35:09+00:00\",\"dateModified\":\"2023-12-21T14:27:30+00:00\",\"breadcrumb\":{\"@id\":\"https:\/\/erensurucukursu.com.tr\/index.php\/ehliyet-karti-nasil-cikartilir\/#breadcrumb\"},\"inLanguage\":\"en-US\",\"potentialAction\":[{\"@type\":\"ReadAction\",\"target\":[\"https:\/\/erensurucukursu.com.tr\/index.php\/ehliyet-karti-nasil-cikartilir\/\"]}]},{\"@type\":\"BreadcrumbList\",\"@id\":\"https:\/\/erensurucukursu.com.tr\/index.php\/ehliyet-karti-nasil-cikartilir\/#breadcrumb\",\"itemListElement\":[{\"@type\":\"ListItem\",\"position\":1,\"name\":\"Home\",\"item\":\"https:\/\/erensurucukursu.com.tr\/\"},{\"@type\":\"ListItem\",\"position\":2,\"name\":\"Ehliyet Kart\u0131 Nas\u0131l \u00c7\u0131kart\u0131l\u0131r?\"}]},{\"@type\":\"WebSite\",\"@id\":\"https:\/\/erensurucukursu.com.tr\/#website\",\"url\":\"https:\/\/erensurucukursu.com.tr\/\",\"name\":\"Eren S\u00fcr\u00fcc\u00fc Kursu\",\"description\":\"Ehliyet Yolculu\u011funda Size Arkada\u015f\",\"publisher\":{\"@id\":\"https:\/\/erensurucukursu.com.tr\/#organization\"},\"potentialAction\":[{\"@type\":\"SearchAction\",\"target\":{\"@type\":\"EntryPoint\",\"urlTemplate\":\"https:\/\/erensurucukursu.com.tr\/?s={search_term_string}\"},\"query-input\":\"required name=search_term_string\"}],\"inLanguage\":\"en-US\"},{\"@type\":\"Organization\",\"@id\":\"https:\/\/erensurucukursu.com.tr\/#organization\",\"name\":\"Eren S\u00fcr\u00fcc\u00fc Kursu\",\"url\":\"https:\/\/erensurucukursu.com.tr\/\",\"logo\":{\"@type\":\"ImageObject\",\"inLanguage\":\"en-US\",\"@id\":\"https:\/\/erensurucukursu.com.tr\/#\/schema\/logo\/image\/\",\"url\":\"https:\/\/erensurucukursu.com.tr\/wp-content\/uploads\/2023\/12\/logo-without-watermark.png\",\"contentUrl\":\"https:\/\/erensurucukursu.com.tr\/wp-content\/uploads\/2023\/12\/logo-without-watermark.png\",\"width\":300,\"height\":263,\"caption\":\"Eren S\u00fcr\u00fcc\u00fc Kursu\"},\"image\":{\"@id\":\"https:\/\/erensurucukursu.com.tr\/#\/schema\/logo\/image\/\"},\"sameAs\":[\"https:\/\/www.instagram.com\/uskerenmtsk\/\"]}]}<\/script>\n<!-- \/ Yoast SEO plugin. -->","yoast_head_json":{"title":"Ehliyet Kart\u0131 Nas\u0131l \u00c7\u0131kart\u0131l\u0131r? - Eren S\u00fcr\u00fcc\u00fc Kursu","robots":{"index":"index","follow":"follow","max-snippet":"max-snippet:-1","max-image-preview":"max-image-preview:large","max-video-preview":"max-video-preview:-1"},"canonical":"https:\/\/erensurucukursu.com.tr\/index.php\/ehliyet-karti-nasil-cikartilir\/","og_locale":"en_US","og_type":"article","og_title":"Ehliyet Kart\u0131 Nas\u0131l \u00c7\u0131kart\u0131l\u0131r? - Eren S\u00fcr\u00fcc\u00fc Kursu","og_description":"Ehliyet Kart\u0131 Nas\u0131l \u00c7\u0131kart\u0131l\u0131r? S\u00dcR\u00dcC\u00dc BELGES\u0130 (EHL\u0130YET) BA\u015eVURUSU &nbsp;&nbsp;&nbsp;&nbsp;&nbsp;&nbsp;&nbsp;&nbsp;\u2666&nbsp;Telefonla 199 nolu numaradan, &nbsp;&nbsp;&nbsp;&nbsp;&nbsp;&nbsp;&nbsp;&nbsp;\u2666&nbsp;\u0130nternetten&nbsp;randevu.nvi.gov.tr&nbsp;adresinden &nbsp;&nbsp;&nbsp;&nbsp;\u2666 &#8220;NVI Mobil&#8221; ak\u0131ll\u0131 telefon uygulamas\u0131ndan Randevu g\u00fcn\u00fc\/saatinde, \u0130l\u00e7e N\u00fcfus M\u00fcd\u00fcrl\u00fc\u011f\u00fcne giderek, s\u0131ramatikten SIRA NUMARASI alarak ba\u015fvurunuzu ger\u00e7ekle\u015ftirebilirsiniz. NOT: S\u00fcr\u00fcc\u00fc belgesi bilgilerinin, T.C. Kimlik kart\u0131na yazd\u0131r\u0131lmas\u0131 i\u015flemi i\u00e7in de randevu almak gereklidir. Bu durumda her iki belgenin de yeni tip olmas\u0131 gereklidir. [&hellip;]","og_url":"https:\/\/erensurucukursu.com.tr\/index.php\/ehliyet-karti-nasil-cikartilir\/","og_site_name":"Eren S\u00fcr\u00fcc\u00fc Kursu","article_modified_time":"2023-12-21T14:27:30+00:00","og_image":[{"width":300,"height":263,"url":"https:\/\/erensurucukursu.com.tr\/wp-content\/uploads\/2023\/12\/logo-without-watermark-removebg-preview.png","type":"image\/png"}],"twitter_card":"summary_large_image","twitter_misc":{"Est. reading time":"3 minutes"},"schema":{"@context":"https:\/\/schema.org","@graph":[{"@type":"WebPage","@id":"https:\/\/erensurucukursu.com.tr\/index.php\/ehliyet-karti-nasil-cikartilir\/","url":"https:\/\/erensurucukursu.com.tr\/index.php\/ehliyet-karti-nasil-cikartilir\/","name":"Ehliyet Kart\u0131 Nas\u0131l \u00c7\u0131kart\u0131l\u0131r? - Eren S\u00fcr\u00fcc\u00fc Kursu","isPartOf":{"@id":"https:\/\/erensurucukursu.com.tr\/#website"},"datePublished":"2023-12-21T12:35:09+00:00","dateModified":"2023-12-21T14:27:30+00:00","breadcrumb":{"@id":"https:\/\/erensurucukursu.com.tr\/index.php\/ehliyet-karti-nasil-cikartilir\/#breadcrumb"},"inLanguage":"en-US","potentialAction":[{"@type":"ReadAction","target":["https:\/\/erensurucukursu.com.tr\/index.php\/ehliyet-karti-nasil-cikartilir\/"]}]},{"@type":"BreadcrumbList","@id":"https:\/\/erensurucukursu.com.tr\/index.php\/ehliyet-karti-nasil-cikartilir\/#breadcrumb","itemListElement":[{"@type":"ListItem","position":1,"name":"Home","item":"https:\/\/erensurucukursu.com.tr\/"},{"@type":"ListItem","position":2,"name":"Ehliyet Kart\u0131 Nas\u0131l \u00c7\u0131kart\u0131l\u0131r?"}]},{"@type":"WebSite","@id":"https:\/\/erensurucukursu.com.tr\/#website","url":"https:\/\/erensurucukursu.com.tr\/","name":"Eren S\u00fcr\u00fcc\u00fc Kursu","description":"Ehliyet Yolculu\u011funda Size Arkada\u015f","publisher":{"@id":"https:\/\/erensurucukursu.com.tr\/#organization"},"potentialAction":[{"@type":"SearchAction","target":{"@type":"EntryPoint","urlTemplate":"https:\/\/erensurucukursu.com.tr\/?s={search_term_string}"},"query-input":"required name=search_term_string"}],"inLanguage":"en-US"},{"@type":"Organization","@id":"https:\/\/erensurucukursu.com.tr\/#organization","name":"Eren S\u00fcr\u00fcc\u00fc Kursu","url":"https:\/\/erensurucukursu.com.tr\/","logo":{"@type":"ImageObject","inLanguage":"en-US","@id":"https:\/\/erensurucukursu.com.tr\/#\/schema\/logo\/image\/","url":"https:\/\/erensurucukursu.com.tr\/wp-content\/uploads\/2023\/12\/logo-without-watermark.png","contentUrl":"https:\/\/erensurucukursu.com.tr\/wp-content\/uploads\/2023\/12\/logo-without-watermark.png","width":300,"height":263,"caption":"Eren S\u00fcr\u00fcc\u00fc Kursu"},"image":{"@id":"https:\/\/erensurucukursu.com.tr\/#\/schema\/logo\/image\/"},"sameAs":["https:\/\/www.instagram.com\/uskerenmtsk\/"]}]}},"jetpack_sharing_enabled":true,"_links":{"self":[{"href":"https:\/\/erensurucukursu.com.tr\/index.php\/wp-json\/wp\/v2\/pages\/655","targetHints":{"allow":["GET"]}}],"collection":[{"href":"https:\/\/erensurucukursu.com.tr\/index.php\/wp-json\/wp\/v2\/pages"}],"about":[{"href":"https:\/\/erensurucukursu.com.tr\/index.php\/wp-json\/wp\/v2\/types\/page"}],"author":[{"embeddable":true,"href":"https:\/\/erensurucukursu.com.tr\/index.php\/wp-json\/wp\/v2\/users\/1"}],"replies":[{"embeddable":true,"href":"https:\/\/erensurucukursu.com.tr\/index.php\/wp-json\/wp\/v2\/comments?post=655"}],"version-history":[{"count":2,"href":"https:\/\/erensurucukursu.com.tr\/index.php\/wp-json\/wp\/v2\/pages\/655\/revisions"}],"predecessor-version":[{"id":658,"href":"https:\/\/erensurucukursu.com.tr\/index.php\/wp-json\/wp\/v2\/pages\/655\/revisions\/658"}],"wp:attachment":[{"href":"https:\/\/erensurucukursu.com.tr\/index.php\/wp-json\/wp\/v2\/media?parent=655"}],"curies":[{"name":"wp","href":"https:\/\/api.w.org\/{rel}","templated":true}]}}